{"id":16617,"date":"2025-11-24T11:20:02","date_gmt":"2025-11-24T16:20:02","guid":{"rendered":"https:\/\/mivelitadigital.com\/?page_id=16617"},"modified":"2025-11-26T16:09:25","modified_gmt":"2025-11-26T21:09:25","slug":"crecemos-juntos","status":"publish","type":"page","link":"https:\/\/mivelitadigital.com\/en\/crecemos-juntos\/","title":{"rendered":"crecemos juntos"},"content":{"rendered":"","protected":false},"excerpt":{"rendered":"<p>Esta velita digital es una felicitaci\u00f3n por abrir un cap\u00edtulo donde tus sue\u00f1os toman forma.<\/p>","protected":false},"author":1,"featured_media":16687,"parent":0,"menu_order":0,"comment_status":"closed","ping_status":"closed","template":"","meta":{"footnotes":""},"class_list":["post-16617","page","type-page","status-publish","has-post-thumbnail","hentry"],"_links":{"self":[{"href":"https:\/\/mivelitadigital.com\/en\/wp-json\/wp\/v2\/pages\/16617","targetHints":{"allow":["GET"]}}],"collection":[{"href":"https:\/\/mivelitadigital.com\/en\/wp-json\/wp\/v2\/pages"}],"about":[{"href":"https:\/\/mivelitadigital.com\/en\/wp-json\/wp\/v2\/types\/page"}],"author":[{"embeddable":true,"href":"https:\/\/mivelitadigital.com\/en\/wp-json\/wp\/v2\/users\/1"}],"replies":[{"embeddable":true,"href":"https:\/\/mivelitadigital.com\/en\/wp-json\/wp\/v2\/comments?post=16617"}],"version-history":[{"count":0,"href":"https:\/\/mivelitadigital.com\/en\/wp-json\/wp\/v2\/pages\/16617\/revisions"}],"wp:featuredmedia":[{"embeddable":true,"href":"https:\/\/mivelitadigital.com\/en\/wp-json\/wp\/v2\/media\/16687"}],"wp:attachment":[{"href":"https:\/\/mivelitadigital.com\/en\/wp-json\/wp\/v2\/media?parent=16617"}],"curies":[{"name":"wp","href":"https:\/\/api.w.org\/{rel}","templated":true}]}}