{"id":2,"date":"2024-11-07T23:30:54","date_gmt":"2024-11-07T23:30:54","guid":{"rendered":"http:\/\/mivelitadigital.com\/?page_id=2"},"modified":"2025-12-05T17:42:07","modified_gmt":"2025-12-05T22:42:07","slug":"pide-un-deseo-con-una-velita-digital","status":"publish","type":"page","link":"https:\/\/mivelitadigital.com\/en\/","title":{"rendered":"siempre habr\u00e1 un motivo para prender una velita digital"},"content":{"rendered":"","protected":false},"excerpt":{"rendered":"<p>Aqu\u00ed podr\u00e1s pedir deseos y personalizarlos con una velita digital \ud83d\udd6f\ufe0f\u2764\ufe0f<\/p>","protected":false},"author":1,"featured_media":7881,"parent":0,"menu_order":0,"comment_status":"closed","ping_status":"closed","template":"","meta":{"footnotes":""},"class_list":["post-2","page","type-page","status-publish","has-post-thumbnail","hentry"],"_links":{"self":[{"href":"https:\/\/mivelitadigital.com\/en\/wp-json\/wp\/v2\/pages\/2","targetHints":{"allow":["GET"]}}],"collection":[{"href":"https:\/\/mivelitadigital.com\/en\/wp-json\/wp\/v2\/pages"}],"about":[{"href":"https:\/\/mivelitadigital.com\/en\/wp-json\/wp\/v2\/types\/page"}],"author":[{"embeddable":true,"href":"https:\/\/mivelitadigital.com\/en\/wp-json\/wp\/v2\/users\/1"}],"replies":[{"embeddable":true,"href":"https:\/\/mivelitadigital.com\/en\/wp-json\/wp\/v2\/comments?post=2"}],"version-history":[{"count":0,"href":"https:\/\/mivelitadigital.com\/en\/wp-json\/wp\/v2\/pages\/2\/revisions"}],"wp:featuredmedia":[{"embeddable":true,"href":"https:\/\/mivelitadigital.com\/en\/wp-json\/wp\/v2\/media\/7881"}],"wp:attachment":[{"href":"https:\/\/mivelitadigital.com\/en\/wp-json\/wp\/v2\/media?parent=2"}],"curies":[{"name":"wp","href":"https:\/\/api.w.org\/{rel}","templated":true}]}}