{"id":773,"date":"2024-11-17T02:24:50","date_gmt":"2024-11-17T02:24:50","guid":{"rendered":"https:\/\/mivelitadigital.com\/?page_id=773"},"modified":"2025-01-08T18:28:11","modified_gmt":"2025-01-08T23:28:11","slug":"restaurar-contrasena","status":"publish","type":"page","link":"https:\/\/mivelitadigital.com\/en\/mi-cuenta\/restaurar-contrasena\/","title":{"rendered":"restaurar contrase\u00f1a"},"content":{"rendered":"<div data-elementor-type=\"wp-page\" data-elementor-id=\"773\" class=\"elementor elementor-773\" data-elementor-post-type=\"page\">\n\t\t\t\t<div class=\"elementor-element elementor-element-dc9182c e-flex e-con-boxed e-con e-parent\" data-id=\"dc9182c\" data-element_type=\"container\" data-e-type=\"container\" data-settings=\"{&quot;jet_parallax_layout_list&quot;:[]}\">\n\t\t\t\t\t<div class=\"e-con-inner\">\n\t\t\t\t<div class=\"elementor-element elementor-element-6490f77 elementor-widget elementor-widget-image\" data-id=\"6490f77\" data-element_type=\"widget\" data-e-type=\"widget\" data-widget_type=\"image.default\">\n\t\t\t\t<div class=\"elementor-widget-container\">\n\t\t\t\t\t\t\t\t\t\t\t\t\t\t\t<img decoding=\"async\" width=\"155\" height=\"116\" src=\"https:\/\/mivelitadigital.com\/wp-content\/uploads\/2024\/11\/logo-velita-digital-cuadrado.webp\" class=\"attachment-large size-large wp-image-1815\" alt=\"\" \/>\t\t\t\t\t\t\t\t\t\t\t\t\t\t\t<\/div>\n\t\t\t\t<\/div>\n\t\t\t\t<div class=\"elementor-element elementor-element-de582b2 elementor-widget elementor-widget-jet-reset\" data-id=\"de582b2\" data-element_type=\"widget\" data-e-type=\"widget\" data-widget_type=\"jet-reset.default\">\n\t\t\t\t<div class=\"elementor-widget-container\">\n\t\t\t\t\t\n<div class=\"jet-reset\">\n\n\t\n\t\n\t<form id=\"lostpasswordform\" class=\"jet-reset__form\" name=\"lostpasswordform\" method=\"post\" action=\"\">\n\n\t\t\n\t\t\t<legend class=\"jet-reset__form-title\">Contrase\u00f1a<\/legend>\n\n\t\t\n\t\t\n\t\t\t<div class=\"jet-reset__form-text\">\n\t\t\t\t<p>Por favor ingrese su correo electr\u00f3nico y revise su bandeja de entrada, recibir\u00e1 un correo con un enlace para crear una nueva contrase\u00f1a.<\/p>\n\t\t\t<\/div>\n\n\t\t\n\t\t<p class=\"jet_reset__user-info\">\n\n\t\t\t<label for=\"jet_reset_user_info\">Correo electr\u00f3nico *<\/label>\n\t\t\t<input class=\"input\" type=\"text\" name=\"jet_reset_user_info\" id=\"jet_reset_user_info\">\n\n\t\t<\/p>\n\n\t\t<div class=\"jet-reset__submit\">\n\n\t\t\t<input type=\"hidden\" id=\"jet_reset_nonce\" name=\"jet_reset_nonce\" value=\"5e67ad67ab\" \/><input type=\"hidden\" name=\"_wp_http_referer\" value=\"\/en\/wp-json\/wp\/v2\/pages\/773\" \/>\t\t\t<input type=\"hidden\" name=\"submitted\" id=\"submitted\" value=\"true\">\n\t\t\t<input type=\"hidden\" name=\"jet_reset_action\" id=\"jet_reset_post_action\" value=\"jet_reset_lost_pass\">\n\t\t\t<button type=\"submit\" id=\"jet-reset-pass-submit\" name=\"jet-reset-pass-submit\" class=\"button button-primary jet-reset__button\">Restaurar contrase\u00f1a<\/button>\n\n\t\t<\/div>\n\n\t<input type=\"hidden\" name=\"trp-form-language\" value=\"en\"\/><\/form>\n\n\t\n<\/div>\t\t\t\t<\/div>\n\t\t\t\t<\/div>\n\t\t\t\t\t<\/div>\n\t\t\t\t<\/div>\n\t\t\t\t<\/div>","protected":false},"excerpt":{"rendered":"<p>Contrase\u00f1a Por favor ingrese su correo electr\u00f3nico y revise su bandeja de entrada, recibir\u00e1 un correo con un enlace para crear una nueva contrase\u00f1a. Correo electr\u00f3nico * Restaurar contrase\u00f1a<\/p>","protected":false},"author":1,"featured_media":0,"parent":18,"menu_order":0,"comment_status":"closed","ping_status":"closed","template":"elementor_canvas","meta":{"footnotes":""},"class_list":["post-773","page","type-page","status-publish","hentry"],"_links":{"self":[{"href":"https:\/\/mivelitadigital.com\/en\/wp-json\/wp\/v2\/pages\/773","targetHints":{"allow":["GET"]}}],"collection":[{"href":"https:\/\/mivelitadigital.com\/en\/wp-json\/wp\/v2\/pages"}],"about":[{"href":"https:\/\/mivelitadigital.com\/en\/wp-json\/wp\/v2\/types\/page"}],"author":[{"embeddable":true,"href":"https:\/\/mivelitadigital.com\/en\/wp-json\/wp\/v2\/users\/1"}],"replies":[{"embeddable":true,"href":"https:\/\/mivelitadigital.com\/en\/wp-json\/wp\/v2\/comments?post=773"}],"version-history":[{"count":0,"href":"https:\/\/mivelitadigital.com\/en\/wp-json\/wp\/v2\/pages\/773\/revisions"}],"up":[{"embeddable":true,"href":"https:\/\/mivelitadigital.com\/en\/wp-json\/wp\/v2\/pages\/18"}],"wp:attachment":[{"href":"https:\/\/mivelitadigital.com\/en\/wp-json\/wp\/v2\/media?parent=773"}],"curies":[{"name":"wp","href":"https:\/\/api.w.org\/{rel}","templated":true}]}}