{"id":10229,"date":"2025-03-18T13:01:22","date_gmt":"2025-03-18T18:01:22","guid":{"rendered":"https:\/\/mivelitadigital.com\/?post_type=product&#038;p=10229"},"modified":"2025-12-04T15:56:25","modified_gmt":"2025-12-04T20:56:25","slug":"vela-futbol-deportivo-cali-3-grandeza-azucarera","status":"publish","type":"product","link":"https:\/\/mivelitadigital.com\/en\/velita\/vela-futbol-deportivo-cali-3-grandeza-azucarera\/","title":{"rendered":"Grandeza Azucarera"},"content":{"rendered":"<p><span data-teams=\"true\">El Verdiblanco merece que enciendas esta velita en su honor, para que con tu energ\u00eda y pasi\u00f3n siga marcando goles inolvidables y llenando de orgullo a toda su hinchada. Este es un amor para toda la vida, y qu\u00e9 mejor manera de apoyarlo que iluminando su camino hacia el triunfo con esta velita. \u00a1Vamos, Glorioso!<\/span><\/p>","protected":false},"excerpt":{"rendered":"<p>Una velita digital del deportivo cali<\/p>","protected":false},"featured_media":10234,"template":"","meta":[],"product_brand":[],"product_cat":[108,187],"product_tag":[],"class_list":{"0":"post-10229","1":"product","2":"type-product","3":"status-publish","4":"has-post-thumbnail","6":"product_cat-futbol","7":"product_cat-deportivo-cali","9":"first","10":"instock","11":"sold-individually","12":"shipping-taxable","13":"purchasable","14":"product-type-variable"},"_links":{"self":[{"href":"https:\/\/mivelitadigital.com\/en\/wp-json\/wp\/v2\/product\/10229","targetHints":{"allow":["GET"]}}],"collection":[{"href":"https:\/\/mivelitadigital.com\/en\/wp-json\/wp\/v2\/product"}],"about":[{"href":"https:\/\/mivelitadigital.com\/en\/wp-json\/wp\/v2\/types\/product"}],"wp:featuredmedia":[{"embeddable":true,"href":"https:\/\/mivelitadigital.com\/en\/wp-json\/wp\/v2\/media\/10234"}],"wp:attachment":[{"href":"https:\/\/mivelitadigital.com\/en\/wp-json\/wp\/v2\/media?parent=10229"}],"wp:term":[{"taxonomy":"product_brand","embeddable":true,"href":"https:\/\/mivelitadigital.com\/en\/wp-json\/wp\/v2\/product_brand?post=10229"},{"taxonomy":"product_cat","embeddable":true,"href":"https:\/\/mivelitadigital.com\/en\/wp-json\/wp\/v2\/product_cat?post=10229"},{"taxonomy":"product_tag","embeddable":true,"href":"https:\/\/mivelitadigital.com\/en\/wp-json\/wp\/v2\/product_tag?post=10229"}],"curies":[{"name":"wp","href":"https:\/\/api.w.org\/{rel}","templated":true}]}}