{"id":10389,"date":"2025-03-18T19:52:54","date_gmt":"2025-03-19T00:52:54","guid":{"rendered":"https:\/\/mivelitadigital.com\/?post_type=product&#038;p=10389"},"modified":"2025-12-04T15:41:25","modified_gmt":"2025-12-04T20:41:25","slug":"vela-america-de-cali-9-mi-primer-amor","status":"publish","type":"product","link":"https:\/\/mivelitadigital.com\/en\/velita\/vela-america-de-cali-9-mi-primer-amor\/","title":{"rendered":"Mi Primer Amor"},"content":{"rendered":"<p>Enciende esta velita para que el fuego de los Diablos Rojos arda con m\u00e1s fuerza que nunca. Demuestra que ser hincha de La Mechita es m\u00e1s que una afici\u00f3n, \u00a1son cosas del coraz\u00f3n! El equipo escarlata merece seguir haciendo historia y con tu apoyo, a trav\u00e9s de esta velita, de seguro continuar\u00e1 acumulando triunfos y llenando de estrellas su escudo. \u00a1Que viva el \u00fanico pentacampe\u00f3n de Colombia!<\/p>","protected":false},"excerpt":{"rendered":"<p>Una velita digital del am\u00e9rica de cali<\/p>","protected":false},"featured_media":10394,"template":"","meta":[],"product_brand":[],"product_cat":[108,191],"product_tag":[],"class_list":{"0":"post-10389","1":"product","2":"type-product","3":"status-publish","4":"has-post-thumbnail","6":"product_cat-futbol","7":"product_cat-america-de-cali","9":"first","10":"instock","11":"sold-individually","12":"shipping-taxable","13":"purchasable","14":"product-type-variable"},"_links":{"self":[{"href":"https:\/\/mivelitadigital.com\/en\/wp-json\/wp\/v2\/product\/10389","targetHints":{"allow":["GET"]}}],"collection":[{"href":"https:\/\/mivelitadigital.com\/en\/wp-json\/wp\/v2\/product"}],"about":[{"href":"https:\/\/mivelitadigital.com\/en\/wp-json\/wp\/v2\/types\/product"}],"wp:featuredmedia":[{"embeddable":true,"href":"https:\/\/mivelitadigital.com\/en\/wp-json\/wp\/v2\/media\/10394"}],"wp:attachment":[{"href":"https:\/\/mivelitadigital.com\/en\/wp-json\/wp\/v2\/media?parent=10389"}],"wp:term":[{"taxonomy":"product_brand","embeddable":true,"href":"https:\/\/mivelitadigital.com\/en\/wp-json\/wp\/v2\/product_brand?post=10389"},{"taxonomy":"product_cat","embeddable":true,"href":"https:\/\/mivelitadigital.com\/en\/wp-json\/wp\/v2\/product_cat?post=10389"},{"taxonomy":"product_tag","embeddable":true,"href":"https:\/\/mivelitadigital.com\/en\/wp-json\/wp\/v2\/product_tag?post=10389"}],"curies":[{"name":"wp","href":"https:\/\/api.w.org\/{rel}","templated":true}]}}