{"id":10801,"date":"2025-03-21T16:12:30","date_gmt":"2025-03-21T21:12:30","guid":{"rendered":"https:\/\/mivelitadigital.com\/?post_type=product&#038;p=10801"},"modified":"2025-12-04T13:17:11","modified_gmt":"2025-12-04T18:17:11","slug":"vela-atletico-nacional-6-verde-hasta-la-muerte","status":"publish","type":"product","link":"https:\/\/mivelitadigital.com\/en\/velita\/vela-atletico-nacional-6-verde-hasta-la-muerte\/","title":{"rendered":"Verde Hasta la Muerte"},"content":{"rendered":"<p>Si eres hincha del club m\u00e1s grande de Colombia y tu mayor deseo es que siga demostrando por qu\u00e9 es el Rey de Copas, enciende esta velita para que te d\u00e9 la alegr\u00eda de verlo campe\u00f3n otra vez. Conf\u00eda con fervor en que la luz de su llama iluminar\u00e1 al verde de la monta\u00f1a para que su pasi\u00f3n y legado sigan creciendo.<\/p>","protected":false},"excerpt":{"rendered":"<p>Una velita digital por el atl\u00e9tico nacional.<\/p>","protected":false},"featured_media":10800,"template":"","meta":[],"product_brand":[],"product_cat":[108,193],"product_tag":[],"class_list":{"0":"post-10801","1":"product","2":"type-product","3":"status-publish","4":"has-post-thumbnail","6":"product_cat-futbol","7":"product_cat-atletico-nacional","9":"first","10":"instock","11":"sold-individually","12":"shipping-taxable","13":"purchasable","14":"product-type-variable"},"_links":{"self":[{"href":"https:\/\/mivelitadigital.com\/en\/wp-json\/wp\/v2\/product\/10801","targetHints":{"allow":["GET"]}}],"collection":[{"href":"https:\/\/mivelitadigital.com\/en\/wp-json\/wp\/v2\/product"}],"about":[{"href":"https:\/\/mivelitadigital.com\/en\/wp-json\/wp\/v2\/types\/product"}],"wp:featuredmedia":[{"embeddable":true,"href":"https:\/\/mivelitadigital.com\/en\/wp-json\/wp\/v2\/media\/10800"}],"wp:attachment":[{"href":"https:\/\/mivelitadigital.com\/en\/wp-json\/wp\/v2\/media?parent=10801"}],"wp:term":[{"taxonomy":"product_brand","embeddable":true,"href":"https:\/\/mivelitadigital.com\/en\/wp-json\/wp\/v2\/product_brand?post=10801"},{"taxonomy":"product_cat","embeddable":true,"href":"https:\/\/mivelitadigital.com\/en\/wp-json\/wp\/v2\/product_cat?post=10801"},{"taxonomy":"product_tag","embeddable":true,"href":"https:\/\/mivelitadigital.com\/en\/wp-json\/wp\/v2\/product_tag?post=10801"}],"curies":[{"name":"wp","href":"https:\/\/api.w.org\/{rel}","templated":true}]}}