{"id":11004,"date":"2025-04-15T16:33:47","date_gmt":"2025-04-15T21:33:47","guid":{"rendered":"https:\/\/mivelitadigital.com\/?post_type=product&#038;p=11004"},"modified":"2025-12-04T13:13:40","modified_gmt":"2025-12-04T18:13:40","slug":"vela-gato-gato-guardian-nocturno","status":"publish","type":"product","link":"https:\/\/mivelitadigital.com\/en\/velita\/vela-gato-gato-guardian-nocturno\/","title":{"rendered":"Gato Guardi\u00e1n Nocturno"},"content":{"rendered":"<p><span data-teams=\"true\">Si el le\u00f3n es el rey de la selva, el gato es el rey de la casa. Encender esta velita es honrar esa presencia majestuosa y llena de misterio que tu felino trae a tu vida. Su luz refleja su independencia, su ternura y su elegancia, record\u00e1ndote lo afortunado que eres de tener a este peque\u00f1o rey a tu lado, que te brinda su amor silencioso y su inigualable compa\u00f1\u00eda.<\/span><\/p>","protected":false},"excerpt":{"rendered":"<p>Una velita digital personalizada de gato.<\/p>","protected":false},"featured_media":11009,"template":"","meta":[],"product_brand":[],"product_cat":[88,87],"product_tag":[],"class_list":{"0":"post-11004","1":"product","2":"type-product","3":"status-publish","4":"has-post-thumbnail","6":"product_cat-gato","7":"product_cat-animales","9":"first","10":"instock","11":"sold-individually","12":"shipping-taxable","13":"purchasable","14":"product-type-variable"},"_links":{"self":[{"href":"https:\/\/mivelitadigital.com\/en\/wp-json\/wp\/v2\/product\/11004","targetHints":{"allow":["GET"]}}],"collection":[{"href":"https:\/\/mivelitadigital.com\/en\/wp-json\/wp\/v2\/product"}],"about":[{"href":"https:\/\/mivelitadigital.com\/en\/wp-json\/wp\/v2\/types\/product"}],"wp:featuredmedia":[{"embeddable":true,"href":"https:\/\/mivelitadigital.com\/en\/wp-json\/wp\/v2\/media\/11009"}],"wp:attachment":[{"href":"https:\/\/mivelitadigital.com\/en\/wp-json\/wp\/v2\/media?parent=11004"}],"wp:term":[{"taxonomy":"product_brand","embeddable":true,"href":"https:\/\/mivelitadigital.com\/en\/wp-json\/wp\/v2\/product_brand?post=11004"},{"taxonomy":"product_cat","embeddable":true,"href":"https:\/\/mivelitadigital.com\/en\/wp-json\/wp\/v2\/product_cat?post=11004"},{"taxonomy":"product_tag","embeddable":true,"href":"https:\/\/mivelitadigital.com\/en\/wp-json\/wp\/v2\/product_tag?post=11004"}],"curies":[{"name":"wp","href":"https:\/\/api.w.org\/{rel}","templated":true}]}}