{"id":11058,"date":"2025-04-15T17:13:40","date_gmt":"2025-04-15T22:13:40","guid":{"rendered":"https:\/\/mivelitadigital.com\/?post_type=product&#038;p=11058"},"modified":"2025-12-04T13:04:39","modified_gmt":"2025-12-04T18:04:39","slug":"vela-perro-guardian-de-luz","status":"publish","type":"product","link":"https:\/\/mivelitadigital.com\/en\/velita\/vela-perro-guardian-de-luz\/","title":{"rendered":"Guardian de Luz"},"content":{"rendered":"<p><span data-teams=\"true\">Encender una de estas velitas simboliza el v\u00ednculo \u00fanico con tu perro, un tributo a su amor y fidelidad. Su luz refleja la alegr\u00eda y protecci\u00f3n que te ofrece, sin importar si ya no est\u00e1 presente f\u00edsicamente.<\/span><\/p>","protected":false},"excerpt":{"rendered":"<p>Una velita digital personalizada de perro.<\/p>","protected":false},"featured_media":11063,"template":"","meta":[],"product_brand":[],"product_cat":[87,195],"product_tag":[],"class_list":{"0":"post-11058","1":"product","2":"type-product","3":"status-publish","4":"has-post-thumbnail","6":"product_cat-animales","7":"product_cat-perro","9":"first","10":"instock","11":"sold-individually","12":"shipping-taxable","13":"purchasable","14":"product-type-variable"},"_links":{"self":[{"href":"https:\/\/mivelitadigital.com\/en\/wp-json\/wp\/v2\/product\/11058","targetHints":{"allow":["GET"]}}],"collection":[{"href":"https:\/\/mivelitadigital.com\/en\/wp-json\/wp\/v2\/product"}],"about":[{"href":"https:\/\/mivelitadigital.com\/en\/wp-json\/wp\/v2\/types\/product"}],"wp:featuredmedia":[{"embeddable":true,"href":"https:\/\/mivelitadigital.com\/en\/wp-json\/wp\/v2\/media\/11063"}],"wp:attachment":[{"href":"https:\/\/mivelitadigital.com\/en\/wp-json\/wp\/v2\/media?parent=11058"}],"wp:term":[{"taxonomy":"product_brand","embeddable":true,"href":"https:\/\/mivelitadigital.com\/en\/wp-json\/wp\/v2\/product_brand?post=11058"},{"taxonomy":"product_cat","embeddable":true,"href":"https:\/\/mivelitadigital.com\/en\/wp-json\/wp\/v2\/product_cat?post=11058"},{"taxonomy":"product_tag","embeddable":true,"href":"https:\/\/mivelitadigital.com\/en\/wp-json\/wp\/v2\/product_tag?post=11058"}],"curies":[{"name":"wp","href":"https:\/\/api.w.org\/{rel}","templated":true}]}}