{"id":11301,"date":"2025-04-23T17:46:44","date_gmt":"2025-04-23T22:46:44","guid":{"rendered":"https:\/\/mivelitadigital.com\/?post_type=product&#038;p=11301"},"modified":"2025-12-04T12:47:18","modified_gmt":"2025-12-04T17:47:18","slug":"vela-de-jesus-camino-y-verdad","status":"publish","type":"product","link":"https:\/\/mivelitadigital.com\/en\/velita\/vela-de-jesus-camino-y-verdad\/","title":{"rendered":"Camino y Verdad"},"content":{"rendered":"<p><span class=\"NormalTextRun SCXW111785217 BCX8\">Enciende una de nuestras velitas <\/span><span class=\"NormalTextRun SCXW111785217 BCX8\">para acompa\u00f1ar tus oraciones <\/span><span class=\"NormalTextRun SCXW111785217 BCX8\">y elevar tus pensamientos hacia lo m\u00e1s sagrado. <\/span><span class=\"NormalTextRun SCXW111785217 BCX8\">Al <\/span><span class=\"NormalTextRun SCXW111785217 BCX8\">hacerlo<\/span><span class=\"NormalTextRun SCXW111785217 BCX8\">, sentir\u00e1s una profunda conexi\u00f3n <\/span><span class=\"NormalTextRun SCXW111785217 BCX8\">espiritual<\/span><span class=\"NormalTextRun SCXW111785217 BCX8\">, tu coraz\u00f3n se llenar\u00e1 de m\u00e1s fe y esperanza,<\/span> <span class=\"NormalTextRun SCXW111785217 BCX8\">y <\/span><span class=\"NormalTextRun SCXW111785217 BCX8\">atraer\u00e1s grandes bendiciones a tu vida<\/span><span class=\"NormalTextRun SCXW111785217 BCX8\">. Ya sea que<\/span><span class=\"NormalTextRun SCXW111785217 BCX8\"> tengas una petici\u00f3n especial o simplemente quieras<\/span><span class=\"NormalTextRun SCXW111785217 BCX8\"> agradecer, <\/span><span class=\"NormalTextRun SCXW111785217 BCX8\">nuestras velitas intensificar\u00e1n <\/span><span class=\"NormalTextRun SCXW111785217 BCX8\">la fuerza <\/span><span class=\"NormalTextRun SCXW111785217 BCX8\">de tus palabras<\/span><span class=\"NormalTextRun SCXW111785217 BCX8\"> y te recordar\u00e1n en todo momento que, con fe, todo es posible.<\/span><\/p>","protected":false},"excerpt":{"rendered":"<p>Una velita del ni\u00f1o Jesus<\/p>","protected":false},"featured_media":11306,"template":"","meta":[],"product_brand":[],"product_cat":[105,106,201],"product_tag":[],"class_list":{"0":"post-11301","1":"product","2":"type-product","3":"status-publish","4":"has-post-thumbnail","6":"product_cat-religion","7":"product_cat-catolica","8":"product_cat-jesus","10":"first","11":"instock","12":"sold-individually","13":"shipping-taxable","14":"purchasable","15":"product-type-variable"},"_links":{"self":[{"href":"https:\/\/mivelitadigital.com\/en\/wp-json\/wp\/v2\/product\/11301","targetHints":{"allow":["GET"]}}],"collection":[{"href":"https:\/\/mivelitadigital.com\/en\/wp-json\/wp\/v2\/product"}],"about":[{"href":"https:\/\/mivelitadigital.com\/en\/wp-json\/wp\/v2\/types\/product"}],"wp:featuredmedia":[{"embeddable":true,"href":"https:\/\/mivelitadigital.com\/en\/wp-json\/wp\/v2\/media\/11306"}],"wp:attachment":[{"href":"https:\/\/mivelitadigital.com\/en\/wp-json\/wp\/v2\/media?parent=11301"}],"wp:term":[{"taxonomy":"product_brand","embeddable":true,"href":"https:\/\/mivelitadigital.com\/en\/wp-json\/wp\/v2\/product_brand?post=11301"},{"taxonomy":"product_cat","embeddable":true,"href":"https:\/\/mivelitadigital.com\/en\/wp-json\/wp\/v2\/product_cat?post=11301"},{"taxonomy":"product_tag","embeddable":true,"href":"https:\/\/mivelitadigital.com\/en\/wp-json\/wp\/v2\/product_tag?post=11301"}],"curies":[{"name":"wp","href":"https:\/\/api.w.org\/{rel}","templated":true}]}}