{"id":15804,"date":"2025-10-15T14:00:52","date_gmt":"2025-10-15T19:00:52","guid":{"rendered":"https:\/\/mivelitadigital.com\/?post_type=product&#038;p=15804"},"modified":"2025-12-04T11:11:56","modified_gmt":"2025-12-04T16:11:56","slug":"vela-color-gris-neutral","status":"publish","type":"product","link":"https:\/\/mivelitadigital.com\/en\/velita\/vela-color-gris-neutral\/","title":{"rendered":"Neutral"},"content":{"rendered":"<p><span data-teams=\"true\">Esta velita es perfecta si buscas equilibrio emocional o deseas disipar dudas. Al encenderla, su luz te llenar\u00e1 de claridad y serenidad, para que puedas tomar decisiones m\u00e1s acertadas. Tambi\u00e9n atraer\u00e1 estabilidad, paz y protecci\u00f3n, creando un espacio de calma en tu vida.<\/span><\/p>","protected":false},"excerpt":{"rendered":"<p>Una velita digital de color gris<\/p>","protected":false},"featured_media":15809,"template":"","meta":[],"product_brand":[],"product_cat":[146,149,15],"product_tag":[],"class_list":{"0":"post-15804","1":"product","2":"type-product","3":"status-publish","4":"has-post-thumbnail","6":"product_cat-colores","7":"product_cat-gris","8":"product_cat-ver-todas","10":"first","11":"instock","12":"sold-individually","13":"shipping-taxable","14":"purchasable","15":"product-type-variable"},"_links":{"self":[{"href":"https:\/\/mivelitadigital.com\/en\/wp-json\/wp\/v2\/product\/15804","targetHints":{"allow":["GET"]}}],"collection":[{"href":"https:\/\/mivelitadigital.com\/en\/wp-json\/wp\/v2\/product"}],"about":[{"href":"https:\/\/mivelitadigital.com\/en\/wp-json\/wp\/v2\/types\/product"}],"wp:featuredmedia":[{"embeddable":true,"href":"https:\/\/mivelitadigital.com\/en\/wp-json\/wp\/v2\/media\/15809"}],"wp:attachment":[{"href":"https:\/\/mivelitadigital.com\/en\/wp-json\/wp\/v2\/media?parent=15804"}],"wp:term":[{"taxonomy":"product_brand","embeddable":true,"href":"https:\/\/mivelitadigital.com\/en\/wp-json\/wp\/v2\/product_brand?post=15804"},{"taxonomy":"product_cat","embeddable":true,"href":"https:\/\/mivelitadigital.com\/en\/wp-json\/wp\/v2\/product_cat?post=15804"},{"taxonomy":"product_tag","embeddable":true,"href":"https:\/\/mivelitadigital.com\/en\/wp-json\/wp\/v2\/product_tag?post=15804"}],"curies":[{"name":"wp","href":"https:\/\/api.w.org\/{rel}","templated":true}]}}