{"id":15862,"date":"2025-10-15T16:52:11","date_gmt":"2025-10-15T21:52:11","guid":{"rendered":"https:\/\/mivelitadigital.com\/?post_type=product&#038;p=15862"},"modified":"2025-12-04T11:05:16","modified_gmt":"2025-12-04T16:05:16","slug":"vela-de-color-blanco-esencia-pura","status":"publish","type":"product","link":"https:\/\/mivelitadigital.com\/en\/velita\/vela-de-color-blanco-esencia-pura\/","title":{"rendered":"Esencia Pura"},"content":{"rendered":"<p>Si necesitas tener calma, claridad y armon\u00eda en tus entornos esta es para ti. Perfecta para meditaciones guiadas, rituales en l\u00ednea o momentos de introspecci\u00f3n, esta vela ofrece una experiencia visual suave y reconfortante.<\/p>","protected":false},"excerpt":{"rendered":"<p>Una vela de color blanco para hacer realidad tu petici\u00f3n<\/p>","protected":false},"featured_media":15869,"template":"","meta":[],"product_brand":[],"product_cat":[146,218],"product_tag":[],"class_list":{"0":"post-15862","1":"product","2":"type-product","3":"status-publish","4":"has-post-thumbnail","6":"product_cat-colores","7":"product_cat-blanco","9":"first","10":"instock","11":"sold-individually","12":"shipping-taxable","13":"purchasable","14":"product-type-variable"},"_links":{"self":[{"href":"https:\/\/mivelitadigital.com\/en\/wp-json\/wp\/v2\/product\/15862","targetHints":{"allow":["GET"]}}],"collection":[{"href":"https:\/\/mivelitadigital.com\/en\/wp-json\/wp\/v2\/product"}],"about":[{"href":"https:\/\/mivelitadigital.com\/en\/wp-json\/wp\/v2\/types\/product"}],"wp:featuredmedia":[{"embeddable":true,"href":"https:\/\/mivelitadigital.com\/en\/wp-json\/wp\/v2\/media\/15869"}],"wp:attachment":[{"href":"https:\/\/mivelitadigital.com\/en\/wp-json\/wp\/v2\/media?parent=15862"}],"wp:term":[{"taxonomy":"product_brand","embeddable":true,"href":"https:\/\/mivelitadigital.com\/en\/wp-json\/wp\/v2\/product_brand?post=15862"},{"taxonomy":"product_cat","embeddable":true,"href":"https:\/\/mivelitadigital.com\/en\/wp-json\/wp\/v2\/product_cat?post=15862"},{"taxonomy":"product_tag","embeddable":true,"href":"https:\/\/mivelitadigital.com\/en\/wp-json\/wp\/v2\/product_tag?post=15862"}],"curies":[{"name":"wp","href":"https:\/\/api.w.org\/{rel}","templated":true}]}}