{"id":15934,"date":"2025-10-15T17:34:26","date_gmt":"2025-10-15T22:34:26","guid":{"rendered":"https:\/\/mivelitadigital.com\/?post_type=product&#038;p=15934"},"modified":"2025-12-04T11:02:08","modified_gmt":"2025-12-04T16:02:08","slug":"vela-de-color-negro-fenix","status":"publish","type":"product","link":"https:\/\/mivelitadigital.com\/en\/velita\/vela-de-color-negro-fenix\/","title":{"rendered":"F\u00e9nix"},"content":{"rendered":"<p>Si necesitas protecci\u00f3n energ\u00e9tica, liberar tensiones y transformar lo negativo en fuerza interior, esta velita es tu aliada ideal. Perfecta para crear un ambiente de introspecci\u00f3n, cerrar ciclos y atraer equilibrio a tu espacio digital.<\/p>","protected":false},"excerpt":{"rendered":"<p>Una vela de color negro para hacer realidad tu petici\u00f3n<\/p>","protected":false},"featured_media":15940,"template":"","meta":[],"product_brand":[],"product_cat":[146,219],"product_tag":[],"class_list":{"0":"post-15934","1":"product","2":"type-product","3":"status-publish","4":"has-post-thumbnail","6":"product_cat-colores","7":"product_cat-negro","9":"first","10":"instock","11":"sold-individually","12":"shipping-taxable","13":"purchasable","14":"product-type-variable"},"_links":{"self":[{"href":"https:\/\/mivelitadigital.com\/en\/wp-json\/wp\/v2\/product\/15934","targetHints":{"allow":["GET"]}}],"collection":[{"href":"https:\/\/mivelitadigital.com\/en\/wp-json\/wp\/v2\/product"}],"about":[{"href":"https:\/\/mivelitadigital.com\/en\/wp-json\/wp\/v2\/types\/product"}],"wp:featuredmedia":[{"embeddable":true,"href":"https:\/\/mivelitadigital.com\/en\/wp-json\/wp\/v2\/media\/15940"}],"wp:attachment":[{"href":"https:\/\/mivelitadigital.com\/en\/wp-json\/wp\/v2\/media?parent=15934"}],"wp:term":[{"taxonomy":"product_brand","embeddable":true,"href":"https:\/\/mivelitadigital.com\/en\/wp-json\/wp\/v2\/product_brand?post=15934"},{"taxonomy":"product_cat","embeddable":true,"href":"https:\/\/mivelitadigital.com\/en\/wp-json\/wp\/v2\/product_cat?post=15934"},{"taxonomy":"product_tag","embeddable":true,"href":"https:\/\/mivelitadigital.com\/en\/wp-json\/wp\/v2\/product_tag?post=15934"}],"curies":[{"name":"wp","href":"https:\/\/api.w.org\/{rel}","templated":true}]}}