{"id":1613,"date":"2024-11-29T20:11:59","date_gmt":"2024-11-30T01:11:59","guid":{"rendered":"https:\/\/mivelitadigital.com\/?post_type=product&#038;p=1613"},"modified":"2025-12-04T15:27:57","modified_gmt":"2025-12-04T20:27:57","slug":"vela-del-zodiaco-piscis-sueno-profundo","status":"publish","type":"product","link":"https:\/\/mivelitadigital.com\/en\/velita\/vela-del-zodiaco-piscis-sueno-profundo\/","title":{"rendered":"Sue\u00f1o Profundo"},"content":{"rendered":"<p><span class=\"NormalTextRun SCXW260289823 BCX8\">Como signo de agua, eres profundamente intuitivo, emp\u00e1tico, sensible y so\u00f1ador. Nuestra velita est\u00e1 pensada especialmente para ti, <\/span><span class=\"NormalTextRun SCXW260289823 BCX8\">porque te<\/span><span class=\"NormalTextRun SCXW260289823 BCX8\"> brindar<\/span><span class=\"NormalTextRun SCXW260289823 BCX8\">\u00e1<\/span><span class=\"NormalTextRun SCXW260289823 BCX8\"> calma, espiritualidad y una conexi\u00f3n profunda con el plano divino. Enci\u00e9ndela y permite que su luz ilumine tu mundo interior.<\/span><\/p>","protected":false},"excerpt":{"rendered":"<p>Una velita digital con el signo de Piscis personaliza tu vela de la mejor manera<\/p>","protected":false},"featured_media":14406,"template":"","meta":[],"product_brand":[],"product_cat":[113,85],"product_tag":[],"class_list":{"0":"post-1613","1":"product","2":"type-product","3":"status-publish","4":"has-post-thumbnail","6":"product_cat-piscis","7":"product_cat-zodiacales","9":"first","10":"instock","11":"sold-individually","12":"shipping-taxable","13":"purchasable","14":"product-type-variable"},"_links":{"self":[{"href":"https:\/\/mivelitadigital.com\/en\/wp-json\/wp\/v2\/product\/1613","targetHints":{"allow":["GET"]}}],"collection":[{"href":"https:\/\/mivelitadigital.com\/en\/wp-json\/wp\/v2\/product"}],"about":[{"href":"https:\/\/mivelitadigital.com\/en\/wp-json\/wp\/v2\/types\/product"}],"wp:featuredmedia":[{"embeddable":true,"href":"https:\/\/mivelitadigital.com\/en\/wp-json\/wp\/v2\/media\/14406"}],"wp:attachment":[{"href":"https:\/\/mivelitadigital.com\/en\/wp-json\/wp\/v2\/media?parent=1613"}],"wp:term":[{"taxonomy":"product_brand","embeddable":true,"href":"https:\/\/mivelitadigital.com\/en\/wp-json\/wp\/v2\/product_brand?post=1613"},{"taxonomy":"product_cat","embeddable":true,"href":"https:\/\/mivelitadigital.com\/en\/wp-json\/wp\/v2\/product_cat?post=1613"},{"taxonomy":"product_tag","embeddable":true,"href":"https:\/\/mivelitadigital.com\/en\/wp-json\/wp\/v2\/product_tag?post=1613"}],"curies":[{"name":"wp","href":"https:\/\/api.w.org\/{rel}","templated":true}]}}