{"id":1633,"date":"2024-11-29T20:24:40","date_gmt":"2024-11-30T01:24:40","guid":{"rendered":"https:\/\/mivelitadigital.com\/?post_type=product&#038;p=1633"},"modified":"2025-12-04T15:29:15","modified_gmt":"2025-12-04T20:29:15","slug":"vela-del-zodiaco-acuario-ritual-del-aire","status":"publish","type":"product","link":"https:\/\/mivelitadigital.com\/en\/velita\/vela-del-zodiaco-acuario-ritual-del-aire\/","title":{"rendered":"Ritual del Aire"},"content":{"rendered":"<p><span class=\"TextRun SCXW97344846 BCX8\" lang=\"ES-CO\" xml:lang=\"ES-CO\" data-contrast=\"auto\"><span class=\"NormalTextRun SCXW97344846 BCX8\">Como signo de aire, eres conocido por tu creatividad, valent\u00eda y originalidad. Nuestra velita es la <\/span><span class=\"NormalTextRun SCXW97344846 BCX8\">manera<\/span><span class=\"NormalTextRun SCXW97344846 BCX8\"> perfecta de atraer la energ\u00eda de la innovaci\u00f3n, la libertad y la transformaci\u00f3n que <\/span><span class=\"NormalTextRun ContextualSpellingAndGrammarErrorV2Themed SCXW97344846 BCX8\">tanto buscas<\/span><span class=\"NormalTextRun SCXW97344846 BCX8\">. <\/span><span class=\"NormalTextRun SCXW97344846 BCX8\">Ella te ayudar\u00e1 a<\/span> <span class=\"NormalTextRun SCXW97344846 BCX8\">abrirte<\/span><span class=\"NormalTextRun SCXW97344846 BCX8\"> a nuevas ideas, liberar tu mente y <\/span><span class=\"NormalTextRun SCXW97344846 BCX8\">a<\/span><span class=\"NormalTextRun SCXW97344846 BCX8\"> conectar con todo lo que est\u00e1 por venir.<\/span><\/span><span class=\"EOP SCXW97344846 BCX8\" data-ccp-props=\"{&quot;335551550&quot;:6,&quot;335551620&quot;:6}\">\u00a0<\/span><\/p>","protected":false},"excerpt":{"rendered":"<p>Una velita digital con el signo de Acuario personaliza tu vela de la mejor manera<\/p>","protected":false},"featured_media":14402,"template":"","meta":[],"product_brand":[],"product_cat":[115,85],"product_tag":[],"class_list":{"0":"post-1633","1":"product","2":"type-product","3":"status-publish","4":"has-post-thumbnail","6":"product_cat-acuario","7":"product_cat-zodiacales","9":"first","10":"instock","11":"sold-individually","12":"shipping-taxable","13":"purchasable","14":"product-type-variable"},"_links":{"self":[{"href":"https:\/\/mivelitadigital.com\/en\/wp-json\/wp\/v2\/product\/1633","targetHints":{"allow":["GET"]}}],"collection":[{"href":"https:\/\/mivelitadigital.com\/en\/wp-json\/wp\/v2\/product"}],"about":[{"href":"https:\/\/mivelitadigital.com\/en\/wp-json\/wp\/v2\/types\/product"}],"wp:featuredmedia":[{"embeddable":true,"href":"https:\/\/mivelitadigital.com\/en\/wp-json\/wp\/v2\/media\/14402"}],"wp:attachment":[{"href":"https:\/\/mivelitadigital.com\/en\/wp-json\/wp\/v2\/media?parent=1633"}],"wp:term":[{"taxonomy":"product_brand","embeddable":true,"href":"https:\/\/mivelitadigital.com\/en\/wp-json\/wp\/v2\/product_brand?post=1633"},{"taxonomy":"product_cat","embeddable":true,"href":"https:\/\/mivelitadigital.com\/en\/wp-json\/wp\/v2\/product_cat?post=1633"},{"taxonomy":"product_tag","embeddable":true,"href":"https:\/\/mivelitadigital.com\/en\/wp-json\/wp\/v2\/product_tag?post=1633"}],"curies":[{"name":"wp","href":"https:\/\/api.w.org\/{rel}","templated":true}]}}