{"id":3022,"date":"2025-10-06T15:46:10","date_gmt":"2025-10-06T20:46:10","guid":{"rendered":"https:\/\/mivelitadigital.com\/?post_type=product&#038;p=3022"},"modified":"2025-12-30T16:27:00","modified_gmt":"2025-12-30T21:27:00","slug":"vela-fin-de-anio-renacer","status":"publish","type":"product","link":"https:\/\/mivelitadigital.com\/en\/velita\/vela-fin-de-anio-renacer\/","title":{"rendered":"Renacer"},"content":{"rendered":"<p><span class=\"NormalTextRun SCXW48149178 BCX8\">Con cada velita encendida, abres la puerta a nuevos y extraordinarios comienzos. Deja que su luz renueve tus esperanzas<\/span><span class=\"NormalTextRun SCXW48149178 BCX8\"> y <\/span><span class=\"NormalTextRun SCXW48149178 BCX8\">atraiga a tu vida la mejor energ\u00eda<\/span><span class=\"NormalTextRun SCXW48149178 BCX8\">, abundancia y prosperidad, impuls\u00e1ndote <\/span><span class=\"NormalTextRun SCXW48149178 BCX8\">hacia la realizaci\u00f3n de tus <\/span><span class=\"NormalTextRun SCXW48149178 BCX8\">m\u00e1s grandes <\/span><span class=\"NormalTextRun SCXW48149178 BCX8\">sue\u00f1os<\/span><span class=\"NormalTextRun SCXW48149178 BCX8\"> y prop\u00f3sitos<\/span><span class=\"NormalTextRun SCXW48149178 BCX8\">.<\/span><span class=\"NormalTextRun SCXW48149178 BCX8\"> En este cierre e inicio de a\u00f1o, permite que su resplandor ilumine tu camino, llen\u00e1ndote de inspiraci\u00f3n y fuerza para alcanzar todo lo que te propongas. \u00a1Manifiesta que <\/span><span class=\"NormalTextRun SCXW48149178 BCX8\">el siguiente<\/span><span class=\"NormalTextRun SCXW48149178 BCX8\"> a\u00f1o se<\/span><span class=\"NormalTextRun SCXW48149178 BCX8\">r\u00e1<\/span><span class=\"NormalTextRun SCXW48149178 BCX8\"> el mejor de todos con el poder de nuestra velita!\u00a0<\/span><\/p>","protected":false},"excerpt":{"rendered":"<p>Una velita digital de fin de a\u00f1o<\/p>","protected":false},"featured_media":3026,"template":"","meta":[],"product_brand":[],"product_cat":[124,15],"product_tag":[],"class_list":{"0":"post-3022","1":"product","2":"type-product","3":"status-publish","4":"has-post-thumbnail","6":"product_cat-fin-de-ano","7":"product_cat-ver-todas","9":"first","10":"instock","11":"sold-individually","12":"shipping-taxable","13":"purchasable","14":"product-type-variable"},"_links":{"self":[{"href":"https:\/\/mivelitadigital.com\/en\/wp-json\/wp\/v2\/product\/3022","targetHints":{"allow":["GET"]}}],"collection":[{"href":"https:\/\/mivelitadigital.com\/en\/wp-json\/wp\/v2\/product"}],"about":[{"href":"https:\/\/mivelitadigital.com\/en\/wp-json\/wp\/v2\/types\/product"}],"wp:featuredmedia":[{"embeddable":true,"href":"https:\/\/mivelitadigital.com\/en\/wp-json\/wp\/v2\/media\/3026"}],"wp:attachment":[{"href":"https:\/\/mivelitadigital.com\/en\/wp-json\/wp\/v2\/media?parent=3022"}],"wp:term":[{"taxonomy":"product_brand","embeddable":true,"href":"https:\/\/mivelitadigital.com\/en\/wp-json\/wp\/v2\/product_brand?post=3022"},{"taxonomy":"product_cat","embeddable":true,"href":"https:\/\/mivelitadigital.com\/en\/wp-json\/wp\/v2\/product_cat?post=3022"},{"taxonomy":"product_tag","embeddable":true,"href":"https:\/\/mivelitadigital.com\/en\/wp-json\/wp\/v2\/product_tag?post=3022"}],"curies":[{"name":"wp","href":"https:\/\/api.w.org\/{rel}","templated":true}]}}