{"id":348,"date":"2024-11-11T22:01:41","date_gmt":"2024-11-11T22:01:41","guid":{"rendered":"https:\/\/mivelitadigital.com\/?post_type=product&#038;p=348"},"modified":"2025-12-04T15:17:22","modified_gmt":"2025-12-04T20:17:22","slug":"vela-clasica-1-todo-llega","status":"publish","type":"product","link":"https:\/\/mivelitadigital.com\/en\/velita\/vela-clasica-1-todo-llega\/","title":{"rendered":"Todo Llega"},"content":{"rendered":"<p><span data-teams=\"true\">Encender esta velita es un acto lleno de poder y significado que te conecta con el universo y contigo mismo. Cuando la asocias a un deseo, intenci\u00f3n o manifestaci\u00f3n, su llama se convierte en un s\u00edmbolo a\u00fan m\u00e1s poderoso. Agradece al universo como si ya tuvieses eso que tanto anhelas y conf\u00eda en que todo lo que quieres, est\u00e1 camino hacia ti. Ver\u00e1s que llegar\u00e1 m\u00e1s r\u00e1pido de lo que te imaginas. Y recuerda, nada es imposible. \u00a1Hecho est\u00e1!<\/span><\/p>","protected":false},"excerpt":{"rendered":"<p>Una vela cl\u00e1sica pero suficiente para hacer realidad tu petici\u00f3n<\/p>","protected":false},"featured_media":2782,"template":"","meta":[],"product_brand":[],"product_cat":[41],"product_tag":[],"class_list":{"0":"post-348","1":"product","2":"type-product","3":"status-publish","4":"has-post-thumbnail","6":"product_cat-clasica","8":"first","9":"instock","10":"sold-individually","11":"shipping-taxable","12":"purchasable","13":"product-type-variable"},"_links":{"self":[{"href":"https:\/\/mivelitadigital.com\/en\/wp-json\/wp\/v2\/product\/348","targetHints":{"allow":["GET"]}}],"collection":[{"href":"https:\/\/mivelitadigital.com\/en\/wp-json\/wp\/v2\/product"}],"about":[{"href":"https:\/\/mivelitadigital.com\/en\/wp-json\/wp\/v2\/types\/product"}],"wp:featuredmedia":[{"embeddable":true,"href":"https:\/\/mivelitadigital.com\/en\/wp-json\/wp\/v2\/media\/2782"}],"wp:attachment":[{"href":"https:\/\/mivelitadigital.com\/en\/wp-json\/wp\/v2\/media?parent=348"}],"wp:term":[{"taxonomy":"product_brand","embeddable":true,"href":"https:\/\/mivelitadigital.com\/en\/wp-json\/wp\/v2\/product_brand?post=348"},{"taxonomy":"product_cat","embeddable":true,"href":"https:\/\/mivelitadigital.com\/en\/wp-json\/wp\/v2\/product_cat?post=348"},{"taxonomy":"product_tag","embeddable":true,"href":"https:\/\/mivelitadigital.com\/en\/wp-json\/wp\/v2\/product_tag?post=348"}],"curies":[{"name":"wp","href":"https:\/\/api.w.org\/{rel}","templated":true}]}}