{"id":3566,"date":"2024-12-18T10:36:50","date_gmt":"2024-12-18T15:36:50","guid":{"rendered":"https:\/\/mivelitadigital.com\/?post_type=product&#038;p=3566"},"modified":"2025-12-04T15:54:39","modified_gmt":"2025-12-04T20:54:39","slug":"vela-in-memoriam-huella-de-luz","status":"publish","type":"product","link":"https:\/\/mivelitadigital.com\/en\/velita\/vela-in-memoriam-huella-de-luz\/","title":{"rendered":"Huella de Luz"},"content":{"rendered":"<p><span data-teams=\"true\">Si quieres rendir homenaje a quienes ya no est\u00e1n f\u00edsicamente, pero siguen vivos en tu coraz\u00f3n, encender una velita en su nombre es un hermoso gesto para honrar su legado y mantener viva su memoria.<\/span><\/p>","protected":false},"excerpt":{"rendered":"<p>Una velita para recordar a alguien importante<\/p>","protected":false},"featured_media":3571,"template":"","meta":[],"product_brand":[],"product_cat":[96,15],"product_tag":[],"class_list":{"0":"post-3566","1":"product","2":"type-product","3":"status-publish","4":"has-post-thumbnail","6":"product_cat-in-memoriam","7":"product_cat-ver-todas","9":"first","10":"instock","11":"sold-individually","12":"shipping-taxable","13":"purchasable","14":"product-type-variable"},"_links":{"self":[{"href":"https:\/\/mivelitadigital.com\/en\/wp-json\/wp\/v2\/product\/3566","targetHints":{"allow":["GET"]}}],"collection":[{"href":"https:\/\/mivelitadigital.com\/en\/wp-json\/wp\/v2\/product"}],"about":[{"href":"https:\/\/mivelitadigital.com\/en\/wp-json\/wp\/v2\/types\/product"}],"wp:featuredmedia":[{"embeddable":true,"href":"https:\/\/mivelitadigital.com\/en\/wp-json\/wp\/v2\/media\/3571"}],"wp:attachment":[{"href":"https:\/\/mivelitadigital.com\/en\/wp-json\/wp\/v2\/media?parent=3566"}],"wp:term":[{"taxonomy":"product_brand","embeddable":true,"href":"https:\/\/mivelitadigital.com\/en\/wp-json\/wp\/v2\/product_brand?post=3566"},{"taxonomy":"product_cat","embeddable":true,"href":"https:\/\/mivelitadigital.com\/en\/wp-json\/wp\/v2\/product_cat?post=3566"},{"taxonomy":"product_tag","embeddable":true,"href":"https:\/\/mivelitadigital.com\/en\/wp-json\/wp\/v2\/product_tag?post=3566"}],"curies":[{"name":"wp","href":"https:\/\/api.w.org\/{rel}","templated":true}]}}