{"id":452,"date":"2024-11-13T01:14:12","date_gmt":"2024-11-13T01:14:12","guid":{"rendered":"https:\/\/mivelitadigital.com\/?post_type=product&#038;p=452"},"modified":"2025-12-04T15:20:33","modified_gmt":"2025-12-04T20:20:33","slug":"vela-del-zodiaco-aries-fuego-vital","status":"publish","type":"product","link":"https:\/\/mivelitadigital.com\/en\/velita\/vela-del-zodiaco-aries-fuego-vital\/","title":{"rendered":"Fuego Vital"},"content":{"rendered":"<p><span class=\"NormalTextRun SCXW200911164 BCX8\">Eres <\/span><span class=\"NormalTextRun SCXW200911164 BCX8\">un signo de fuego lleno de energ\u00eda, valent\u00eda y liderazgo, que siempre est\u00e1 en busca de nuevas aventuras y desaf\u00edos.<\/span><span class=\"NormalTextRun SCXW200911164 BCX8\"> Atrae la fuerza, la pasi\u00f3n y la determinaci\u00f3n que te caracterizan al encender nuestra velita.\u00a0<\/span><\/p>","protected":false},"excerpt":{"rendered":"<p>Una velita digital con el signo de Aries personaliza tu vela de la mejor manera<\/p>","protected":false},"featured_media":14391,"template":"","meta":[],"product_brand":[],"product_cat":[173,85],"product_tag":[],"class_list":{"0":"post-452","1":"product","2":"type-product","3":"status-publish","4":"has-post-thumbnail","6":"product_cat-aries","7":"product_cat-zodiacales","9":"first","10":"instock","11":"sold-individually","12":"shipping-taxable","13":"purchasable","14":"product-type-variable"},"_links":{"self":[{"href":"https:\/\/mivelitadigital.com\/en\/wp-json\/wp\/v2\/product\/452","targetHints":{"allow":["GET"]}}],"collection":[{"href":"https:\/\/mivelitadigital.com\/en\/wp-json\/wp\/v2\/product"}],"about":[{"href":"https:\/\/mivelitadigital.com\/en\/wp-json\/wp\/v2\/types\/product"}],"wp:featuredmedia":[{"embeddable":true,"href":"https:\/\/mivelitadigital.com\/en\/wp-json\/wp\/v2\/media\/14391"}],"wp:attachment":[{"href":"https:\/\/mivelitadigital.com\/en\/wp-json\/wp\/v2\/media?parent=452"}],"wp:term":[{"taxonomy":"product_brand","embeddable":true,"href":"https:\/\/mivelitadigital.com\/en\/wp-json\/wp\/v2\/product_brand?post=452"},{"taxonomy":"product_cat","embeddable":true,"href":"https:\/\/mivelitadigital.com\/en\/wp-json\/wp\/v2\/product_cat?post=452"},{"taxonomy":"product_tag","embeddable":true,"href":"https:\/\/mivelitadigital.com\/en\/wp-json\/wp\/v2\/product_tag?post=452"}],"curies":[{"name":"wp","href":"https:\/\/api.w.org\/{rel}","templated":true}]}}