{"id":472,"date":"2024-11-13T01:27:44","date_gmt":"2024-11-13T01:27:44","guid":{"rendered":"https:\/\/mivelitadigital.com\/?post_type=product&#038;p=472"},"modified":"2025-12-04T15:22:20","modified_gmt":"2025-12-04T20:22:20","slug":"vela-del-zodiaco-libra-aura-equilibrio","status":"publish","type":"product","link":"https:\/\/mivelitadigital.com\/en\/velita\/vela-del-zodiaco-libra-aura-equilibrio\/","title":{"rendered":"Aura Equilibrio"},"content":{"rendered":"<p><span class=\"NormalTextRun SCXW162814251 BCX8\">Tu<\/span><span class=\"NormalTextRun SCXW162814251 BCX8\"> naturaleza equilibrada, armoniosa y justa son admirables. Con nuestra velita, vas a atraer la paz, la serenidad y la energ\u00eda positiva que necesitas para mantener el equilibrio en tu vida. <\/span><span class=\"NormalTextRun SCXW162814251 BCX8\">Con su luz<\/span><span class=\"NormalTextRun SCXW162814251 BCX8\">, podr\u00e1s conectar a\u00fan m\u00e1s con tu esencia<\/span><span class=\"NormalTextRun SCXW162814251 BCX8\">.<\/span><\/p>","protected":false},"excerpt":{"rendered":"<p>Una velita digital con el signo de Libra personaliza tu vela de la mejor manera<\/p>","protected":false},"featured_media":14397,"template":"","meta":[],"product_brand":[],"product_cat":[167,85],"product_tag":[],"class_list":{"0":"post-472","1":"product","2":"type-product","3":"status-publish","4":"has-post-thumbnail","6":"product_cat-libra","7":"product_cat-zodiacales","9":"first","10":"instock","11":"sold-individually","12":"shipping-taxable","13":"purchasable","14":"product-type-variable"},"_links":{"self":[{"href":"https:\/\/mivelitadigital.com\/en\/wp-json\/wp\/v2\/product\/472","targetHints":{"allow":["GET"]}}],"collection":[{"href":"https:\/\/mivelitadigital.com\/en\/wp-json\/wp\/v2\/product"}],"about":[{"href":"https:\/\/mivelitadigital.com\/en\/wp-json\/wp\/v2\/types\/product"}],"wp:featuredmedia":[{"embeddable":true,"href":"https:\/\/mivelitadigital.com\/en\/wp-json\/wp\/v2\/media\/14397"}],"wp:attachment":[{"href":"https:\/\/mivelitadigital.com\/en\/wp-json\/wp\/v2\/media?parent=472"}],"wp:term":[{"taxonomy":"product_brand","embeddable":true,"href":"https:\/\/mivelitadigital.com\/en\/wp-json\/wp\/v2\/product_brand?post=472"},{"taxonomy":"product_cat","embeddable":true,"href":"https:\/\/mivelitadigital.com\/en\/wp-json\/wp\/v2\/product_cat?post=472"},{"taxonomy":"product_tag","embeddable":true,"href":"https:\/\/mivelitadigital.com\/en\/wp-json\/wp\/v2\/product_tag?post=472"}],"curies":[{"name":"wp","href":"https:\/\/api.w.org\/{rel}","templated":true}]}}