{"id":475,"date":"2024-11-13T01:29:22","date_gmt":"2024-11-13T01:29:22","guid":{"rendered":"https:\/\/mivelitadigital.com\/?post_type=product&#038;p=475"},"modified":"2025-12-04T15:22:46","modified_gmt":"2025-12-04T20:22:46","slug":"vela-del-zodiaco-escorpio-fenix-interior","status":"publish","type":"product","link":"https:\/\/mivelitadigital.com\/en\/velita\/vela-del-zodiaco-escorpio-fenix-interior\/","title":{"rendered":"F\u00e9nix Interior"},"content":{"rendered":"<p><span class=\"TextRun SCXW84786172 BCX8\" lang=\"ES-CO\" xml:lang=\"ES-CO\" data-contrast=\"auto\"><span class=\"NormalTextRun SCXW84786172 BCX8\">C<\/span><span class=\"NormalTextRun SCXW84786172 BCX8\">on tu intensidad, pasi\u00f3n y <\/span><span class=\"NormalTextRun SCXW84786172 BCX8\">gran<\/span><span class=\"NormalTextRun SCXW84786172 BCX8\"> intuici\u00f3n, <\/span><span class=\"NormalTextRun SCXW84786172 BCX8\">nuestra velita se convertir\u00e1 en una gran aliada <\/span><span class=\"NormalTextRun SCXW84786172 BCX8\">para que conectes con tu fuerza interior y puedas atraer la transformaci\u00f3n y renovaci\u00f3n que buscas en tu vida. Observa su luz y siente c\u00f3mo te llenas de <\/span><span class=\"NormalTextRun SCXW84786172 BCX8\">fuerza para crecer y avanzar<\/span><span class=\"NormalTextRun SCXW84786172 BCX8\">.<\/span><\/span><span class=\"EOP SCXW84786172 BCX8\" data-ccp-props=\"{&quot;335551550&quot;:6,&quot;335551620&quot;:6}\">\u00a0<\/span><\/p>","protected":false},"excerpt":{"rendered":"<p>Una velita digital con el signo de Escorpio personaliza tu vela de la mejor manera<\/p>","protected":false},"featured_media":14398,"template":"","meta":[],"product_brand":[],"product_cat":[168,85],"product_tag":[],"class_list":{"0":"post-475","1":"product","2":"type-product","3":"status-publish","4":"has-post-thumbnail","6":"product_cat-escorpio","7":"product_cat-zodiacales","9":"first","10":"instock","11":"sold-individually","12":"shipping-taxable","13":"purchasable","14":"product-type-variable"},"_links":{"self":[{"href":"https:\/\/mivelitadigital.com\/en\/wp-json\/wp\/v2\/product\/475","targetHints":{"allow":["GET"]}}],"collection":[{"href":"https:\/\/mivelitadigital.com\/en\/wp-json\/wp\/v2\/product"}],"about":[{"href":"https:\/\/mivelitadigital.com\/en\/wp-json\/wp\/v2\/types\/product"}],"wp:featuredmedia":[{"embeddable":true,"href":"https:\/\/mivelitadigital.com\/en\/wp-json\/wp\/v2\/media\/14398"}],"wp:attachment":[{"href":"https:\/\/mivelitadigital.com\/en\/wp-json\/wp\/v2\/media?parent=475"}],"wp:term":[{"taxonomy":"product_brand","embeddable":true,"href":"https:\/\/mivelitadigital.com\/en\/wp-json\/wp\/v2\/product_brand?post=475"},{"taxonomy":"product_cat","embeddable":true,"href":"https:\/\/mivelitadigital.com\/en\/wp-json\/wp\/v2\/product_cat?post=475"},{"taxonomy":"product_tag","embeddable":true,"href":"https:\/\/mivelitadigital.com\/en\/wp-json\/wp\/v2\/product_tag?post=475"}],"curies":[{"name":"wp","href":"https:\/\/api.w.org\/{rel}","templated":true}]}}