{"id":4755,"date":"2024-12-30T14:06:26","date_gmt":"2024-12-30T19:06:26","guid":{"rendered":"https:\/\/mivelitadigital.com\/?post_type=product&#038;p=4755"},"modified":"2025-12-04T16:15:34","modified_gmt":"2025-12-04T21:15:34","slug":"vela-lgbt-10-brilla-con-orgullo","status":"publish","type":"product","link":"https:\/\/mivelitadigital.com\/en\/velita\/vela-lgbt-10-brilla-con-orgullo\/","title":{"rendered":"Brilla Con Orgullo"},"content":{"rendered":"<p><span class=\"TextRun SCXW102261112 BCX8\" lang=\"ES-CO\" xml:lang=\"ES-CO\" data-contrast=\"auto\"><span class=\"NormalTextRun SCXW102261112 BCX8\">Celebra la diversidad y el amor en todas sus formas al encender nuestras velitas. Su llama encender\u00e1<\/span><span class=\"NormalTextRun SCXW102261112 BCX8\"> a\u00fan m\u00e1s<\/span><span class=\"NormalTextRun SCXW102261112 BCX8\"> el orgullo que llevas en tu coraz\u00f3n, convirti\u00e9ndose en un s\u00edmbolo poderoso <\/span><span class=\"NormalTextRun SCXW102261112 BCX8\">que nos recuerda <\/span><span class=\"NormalTextRun SCXW102261112 BCX8\">que <\/span><span class=\"NormalTextRun SCXW102261112 BCX8\">todos tenemos el derecho de amar sin miedo, de ser aut\u00e9nticos y <\/span><span class=\"NormalTextRun SCXW102261112 BCX8\">de vivir libremente.\u00a0<\/span><\/span><span class=\"EOP SCXW102261112 BCX8\" data-ccp-props=\"{&quot;335551550&quot;:6,&quot;335551620&quot;:6}\">\u00a0<\/span><\/p>","protected":false},"excerpt":{"rendered":"<p>Una velita digital con estilo LGBT para que tu petici\u00f3n se haga realidad \u00a1disfr\u00fatala!<\/p>","protected":false},"featured_media":4759,"template":"","meta":[],"product_brand":[],"product_cat":[48],"product_tag":[],"class_list":{"0":"post-4755","1":"product","2":"type-product","3":"status-publish","4":"has-post-thumbnail","6":"product_cat-orgullo","8":"first","9":"instock","10":"sold-individually","11":"shipping-taxable","12":"purchasable","13":"product-type-variable"},"_links":{"self":[{"href":"https:\/\/mivelitadigital.com\/en\/wp-json\/wp\/v2\/product\/4755","targetHints":{"allow":["GET"]}}],"collection":[{"href":"https:\/\/mivelitadigital.com\/en\/wp-json\/wp\/v2\/product"}],"about":[{"href":"https:\/\/mivelitadigital.com\/en\/wp-json\/wp\/v2\/types\/product"}],"wp:featuredmedia":[{"embeddable":true,"href":"https:\/\/mivelitadigital.com\/en\/wp-json\/wp\/v2\/media\/4759"}],"wp:attachment":[{"href":"https:\/\/mivelitadigital.com\/en\/wp-json\/wp\/v2\/media?parent=4755"}],"wp:term":[{"taxonomy":"product_brand","embeddable":true,"href":"https:\/\/mivelitadigital.com\/en\/wp-json\/wp\/v2\/product_brand?post=4755"},{"taxonomy":"product_cat","embeddable":true,"href":"https:\/\/mivelitadigital.com\/en\/wp-json\/wp\/v2\/product_cat?post=4755"},{"taxonomy":"product_tag","embeddable":true,"href":"https:\/\/mivelitadigital.com\/en\/wp-json\/wp\/v2\/product_tag?post=4755"}],"curies":[{"name":"wp","href":"https:\/\/api.w.org\/{rel}","templated":true}]}}