{"id":4944,"date":"2025-01-03T12:05:10","date_gmt":"2025-01-03T17:05:10","guid":{"rendered":"https:\/\/mivelitadigital.com\/?post_type=product&#038;p=4944"},"modified":"2025-12-04T16:20:42","modified_gmt":"2025-12-04T21:20:42","slug":"vela-futbol-colombia-9-aliento-de-un-pais","status":"publish","type":"product","link":"https:\/\/mivelitadigital.com\/en\/velita\/vela-futbol-colombia-9-aliento-de-un-pais\/","title":{"rendered":"Aliento de un Pa\u00eds"},"content":{"rendered":"<p><span class=\"TextRun SCXW41178001 BCX8\" lang=\"ES-CO\" xml:lang=\"ES-CO\" data-contrast=\"auto\"><span class=\"NormalTextRun SCXW41178001 BCX8\">Enciende esta velita para <\/span><span class=\"NormalTextRun SCXW41178001 BCX8\">enviarle toda la energ\u00eda positiva a nuestra tricolor<\/span><span class=\"NormalTextRun SCXW41178001 BCX8\"> y demostrarle tu apoyo<\/span><span class=\"NormalTextRun SCXW41178001 BCX8\"> incondicional<\/span><span class=\"NormalTextRun SCXW41178001 BCX8\">. <\/span><span class=\"NormalTextRun SCXW41178001 BCX8\">Conf\u00eda en que su llama guiar\u00e1 el bal\u00f3n con fuerza y precisi\u00f3n <\/span><span class=\"NormalTextRun SCXW41178001 BCX8\">hacia el arco para marcar los goles que no solo llenar\u00e1n de emoci\u00f3n y orgullo a nuestro pa\u00eds, sino que tambi\u00e9n nos dar\u00e1<\/span><span class=\"NormalTextRun SCXW41178001 BCX8\">n<\/span><span class=\"NormalTextRun SCXW41178001 BCX8\"> la anhelada victoria en cada partido.\u00a0<\/span><\/span><span class=\"EOP SCXW41178001 BCX8\" data-ccp-props=\"{&quot;335551550&quot;:6,&quot;335551620&quot;:6}\">\u00a0<\/span><\/p>","protected":false},"excerpt":{"rendered":"<p>\u00a1Una velita digital personalizada con la bandera de la selecci\u00f3n Colombia de futbol!<\/p>","protected":false},"featured_media":4948,"template":"","meta":[],"product_brand":[],"product_cat":[109,108],"product_tag":[],"class_list":{"0":"post-4944","1":"product","2":"type-product","3":"status-publish","4":"has-post-thumbnail","6":"product_cat-colombia","7":"product_cat-futbol","9":"first","10":"instock","11":"sold-individually","12":"shipping-taxable","13":"purchasable","14":"product-type-variable"},"_links":{"self":[{"href":"https:\/\/mivelitadigital.com\/en\/wp-json\/wp\/v2\/product\/4944","targetHints":{"allow":["GET"]}}],"collection":[{"href":"https:\/\/mivelitadigital.com\/en\/wp-json\/wp\/v2\/product"}],"about":[{"href":"https:\/\/mivelitadigital.com\/en\/wp-json\/wp\/v2\/types\/product"}],"wp:featuredmedia":[{"embeddable":true,"href":"https:\/\/mivelitadigital.com\/en\/wp-json\/wp\/v2\/media\/4948"}],"wp:attachment":[{"href":"https:\/\/mivelitadigital.com\/en\/wp-json\/wp\/v2\/media?parent=4944"}],"wp:term":[{"taxonomy":"product_brand","embeddable":true,"href":"https:\/\/mivelitadigital.com\/en\/wp-json\/wp\/v2\/product_brand?post=4944"},{"taxonomy":"product_cat","embeddable":true,"href":"https:\/\/mivelitadigital.com\/en\/wp-json\/wp\/v2\/product_cat?post=4944"},{"taxonomy":"product_tag","embeddable":true,"href":"https:\/\/mivelitadigital.com\/en\/wp-json\/wp\/v2\/product_tag?post=4944"}],"curies":[{"name":"wp","href":"https:\/\/api.w.org\/{rel}","templated":true}]}}