{"id":5392,"date":"2025-01-21T14:34:46","date_gmt":"2025-01-21T19:34:46","guid":{"rendered":"https:\/\/mivelitadigital.com\/?post_type=product&#038;p=5392"},"modified":"2025-12-04T16:26:43","modified_gmt":"2025-12-04T21:26:43","slug":"vela-del-zodiaco-piscis-misterio-celeste","status":"publish","type":"product","link":"https:\/\/mivelitadigital.com\/en\/velita\/vela-del-zodiaco-piscis-misterio-celeste\/","title":{"rendered":"Misterio Celeste"},"content":{"rendered":"<p><span class=\"NormalTextRun SCXW260289823 BCX8\">Como signo de agua, eres profundamente intuitivo, emp\u00e1tico, sensible y so\u00f1ador. Nuestra velita est\u00e1 pensada especialmente para ti, <\/span><span class=\"NormalTextRun SCXW260289823 BCX8\">porque te<\/span><span class=\"NormalTextRun SCXW260289823 BCX8\"> brindar<\/span><span class=\"NormalTextRun SCXW260289823 BCX8\">\u00e1<\/span><span class=\"NormalTextRun SCXW260289823 BCX8\"> calma, espiritualidad y una conexi\u00f3n profunda con el plano divino. Enci\u00e9ndela y permite que su luz ilumine tu mundo interior.<\/span><\/p>","protected":false},"excerpt":{"rendered":"<p>Una velita digital con el signo de Piscis personaliza tu vela de la mejor manera<\/p>","protected":false},"featured_media":5396,"template":"","meta":[],"product_brand":[],"product_cat":[113,15,85],"product_tag":[],"class_list":{"0":"post-5392","1":"product","2":"type-product","3":"status-publish","4":"has-post-thumbnail","6":"product_cat-piscis","7":"product_cat-ver-todas","8":"product_cat-zodiacales","10":"first","11":"instock","12":"sold-individually","13":"shipping-taxable","14":"purchasable","15":"product-type-variable"},"_links":{"self":[{"href":"https:\/\/mivelitadigital.com\/en\/wp-json\/wp\/v2\/product\/5392","targetHints":{"allow":["GET"]}}],"collection":[{"href":"https:\/\/mivelitadigital.com\/en\/wp-json\/wp\/v2\/product"}],"about":[{"href":"https:\/\/mivelitadigital.com\/en\/wp-json\/wp\/v2\/types\/product"}],"wp:featuredmedia":[{"embeddable":true,"href":"https:\/\/mivelitadigital.com\/en\/wp-json\/wp\/v2\/media\/5396"}],"wp:attachment":[{"href":"https:\/\/mivelitadigital.com\/en\/wp-json\/wp\/v2\/media?parent=5392"}],"wp:term":[{"taxonomy":"product_brand","embeddable":true,"href":"https:\/\/mivelitadigital.com\/en\/wp-json\/wp\/v2\/product_brand?post=5392"},{"taxonomy":"product_cat","embeddable":true,"href":"https:\/\/mivelitadigital.com\/en\/wp-json\/wp\/v2\/product_cat?post=5392"},{"taxonomy":"product_tag","embeddable":true,"href":"https:\/\/mivelitadigital.com\/en\/wp-json\/wp\/v2\/product_tag?post=5392"}],"curies":[{"name":"wp","href":"https:\/\/api.w.org\/{rel}","templated":true}]}}