{"id":5465,"date":"2025-01-21T20:02:41","date_gmt":"2025-01-22T01:02:41","guid":{"rendered":"https:\/\/mivelitadigital.com\/?post_type=product&#038;p=5465"},"modified":"2025-12-04T16:38:37","modified_gmt":"2025-12-04T21:38:37","slug":"vela-del-zodiaco-libra-canto-armonico","status":"publish","type":"product","link":"https:\/\/mivelitadigital.com\/en\/velita\/vela-del-zodiaco-libra-canto-armonico\/","title":{"rendered":"Canto Arm\u00f3nico"},"content":{"rendered":"<p><span class=\"NormalTextRun SCXW162814251 BCX8\">Tu<\/span><span class=\"NormalTextRun SCXW162814251 BCX8\"> naturaleza equilibrada, armoniosa y justa son admirables. Con nuestra velita, vas a atraer la paz, la serenidad y la energ\u00eda positiva que necesitas para mantener el equilibrio en tu vida. <\/span><span class=\"NormalTextRun SCXW162814251 BCX8\">Con su luz<\/span><span class=\"NormalTextRun SCXW162814251 BCX8\">, podr\u00e1s conectar a\u00fan m\u00e1s con tu esencia<\/span><span class=\"NormalTextRun SCXW162814251 BCX8\">.<\/span><\/p>","protected":false},"excerpt":{"rendered":"<p>Una velita digital con el signo de Libra personaliza tu vela de la mejor manera<\/p>","protected":false},"featured_media":5469,"template":"","meta":[],"product_brand":[],"product_cat":[167,15,85],"product_tag":[],"class_list":{"0":"post-5465","1":"product","2":"type-product","3":"status-publish","4":"has-post-thumbnail","6":"product_cat-libra","7":"product_cat-ver-todas","8":"product_cat-zodiacales","10":"first","11":"instock","12":"sold-individually","13":"shipping-taxable","14":"purchasable","15":"product-type-variable"},"_links":{"self":[{"href":"https:\/\/mivelitadigital.com\/en\/wp-json\/wp\/v2\/product\/5465","targetHints":{"allow":["GET"]}}],"collection":[{"href":"https:\/\/mivelitadigital.com\/en\/wp-json\/wp\/v2\/product"}],"about":[{"href":"https:\/\/mivelitadigital.com\/en\/wp-json\/wp\/v2\/types\/product"}],"wp:featuredmedia":[{"embeddable":true,"href":"https:\/\/mivelitadigital.com\/en\/wp-json\/wp\/v2\/media\/5469"}],"wp:attachment":[{"href":"https:\/\/mivelitadigital.com\/en\/wp-json\/wp\/v2\/media?parent=5465"}],"wp:term":[{"taxonomy":"product_brand","embeddable":true,"href":"https:\/\/mivelitadigital.com\/en\/wp-json\/wp\/v2\/product_brand?post=5465"},{"taxonomy":"product_cat","embeddable":true,"href":"https:\/\/mivelitadigital.com\/en\/wp-json\/wp\/v2\/product_cat?post=5465"},{"taxonomy":"product_tag","embeddable":true,"href":"https:\/\/mivelitadigital.com\/en\/wp-json\/wp\/v2\/product_tag?post=5465"}],"curies":[{"name":"wp","href":"https:\/\/api.w.org\/{rel}","templated":true}]}}