{"id":5576,"date":"2025-01-23T16:13:43","date_gmt":"2025-01-23T21:13:43","guid":{"rendered":"https:\/\/mivelitadigital.com\/?post_type=product&#038;p=5576"},"modified":"2025-12-04T16:47:27","modified_gmt":"2025-12-04T21:47:27","slug":"vela-del-zodiaco-tauro-plenitud","status":"publish","type":"product","link":"https:\/\/mivelitadigital.com\/en\/velita\/vela-del-zodiaco-tauro-plenitud\/","title":{"rendered":"Plenitud"},"content":{"rendered":"<p><span class=\"TextRun SCXW265404687 BCX8\" lang=\"ES-CO\" xml:lang=\"ES-CO\" data-contrast=\"auto\"><span class=\"NormalTextRun SCXW265404687 BCX8\">Tu estabilidad, determinaci\u00f3n y perseverancia son algunas de las cualidades m\u00e1s destacadas de tu personalidad. Con nuestra velita podr\u00e1s atraer la energ\u00eda de la calma, la seguridad y la abundancia que tanto valoras.<\/span><\/span><span class=\"EOP SCXW265404687 BCX8\" data-ccp-props=\"{&quot;335551550&quot;:6,&quot;335551620&quot;:6}\">\u00a0<\/span><\/p>","protected":false},"excerpt":{"rendered":"<p>Una velita digital con el signo de Tauro personaliza tu vela de la mejor manera<\/p>","protected":false},"featured_media":5580,"template":"","meta":[],"product_brand":[],"product_cat":[172,15,85],"product_tag":[],"class_list":{"0":"post-5576","1":"product","2":"type-product","3":"status-publish","4":"has-post-thumbnail","6":"product_cat-tauro","7":"product_cat-ver-todas","8":"product_cat-zodiacales","10":"first","11":"instock","12":"sold-individually","13":"shipping-taxable","14":"purchasable","15":"product-type-variable"},"_links":{"self":[{"href":"https:\/\/mivelitadigital.com\/en\/wp-json\/wp\/v2\/product\/5576","targetHints":{"allow":["GET"]}}],"collection":[{"href":"https:\/\/mivelitadigital.com\/en\/wp-json\/wp\/v2\/product"}],"about":[{"href":"https:\/\/mivelitadigital.com\/en\/wp-json\/wp\/v2\/types\/product"}],"wp:featuredmedia":[{"embeddable":true,"href":"https:\/\/mivelitadigital.com\/en\/wp-json\/wp\/v2\/media\/5580"}],"wp:attachment":[{"href":"https:\/\/mivelitadigital.com\/en\/wp-json\/wp\/v2\/media?parent=5576"}],"wp:term":[{"taxonomy":"product_brand","embeddable":true,"href":"https:\/\/mivelitadigital.com\/en\/wp-json\/wp\/v2\/product_brand?post=5576"},{"taxonomy":"product_cat","embeddable":true,"href":"https:\/\/mivelitadigital.com\/en\/wp-json\/wp\/v2\/product_cat?post=5576"},{"taxonomy":"product_tag","embeddable":true,"href":"https:\/\/mivelitadigital.com\/en\/wp-json\/wp\/v2\/product_tag?post=5576"}],"curies":[{"name":"wp","href":"https:\/\/api.w.org\/{rel}","templated":true}]}}