{"id":5591,"date":"2025-01-23T16:48:16","date_gmt":"2025-01-23T21:48:16","guid":{"rendered":"https:\/\/mivelitadigital.com\/?post_type=product&#038;p=5591"},"modified":"2025-12-04T16:48:23","modified_gmt":"2025-12-04T21:48:23","slug":"vela-del-zodiaco-aries-espiritu-alfa","status":"publish","type":"product","link":"https:\/\/mivelitadigital.com\/en\/velita\/vela-del-zodiaco-aries-espiritu-alfa\/","title":{"rendered":"Esp\u00edritu Alfa"},"content":{"rendered":"<p><span class=\"NormalTextRun SCXW200911164 BCX8\">Eres <\/span><span class=\"NormalTextRun SCXW200911164 BCX8\">un signo de fuego lleno de energ\u00eda, valent\u00eda y liderazgo, que siempre est\u00e1 en busca de nuevas aventuras y desaf\u00edos.<\/span><span class=\"NormalTextRun SCXW200911164 BCX8\"> Atrae la fuerza, la pasi\u00f3n y la determinaci\u00f3n que te caracterizan al encender nuestra velita.\u00a0<\/span><\/p>","protected":false},"excerpt":{"rendered":"<p>Una velita digital con el signo de Aries personaliza tu vela de la mejor manera<\/p>","protected":false},"featured_media":5595,"template":"","meta":[],"product_brand":[],"product_cat":[173,15,85],"product_tag":[],"class_list":{"0":"post-5591","1":"product","2":"type-product","3":"status-publish","4":"has-post-thumbnail","6":"product_cat-aries","7":"product_cat-ver-todas","8":"product_cat-zodiacales","10":"first","11":"instock","12":"sold-individually","13":"shipping-taxable","14":"purchasable","15":"product-type-variable"},"_links":{"self":[{"href":"https:\/\/mivelitadigital.com\/en\/wp-json\/wp\/v2\/product\/5591","targetHints":{"allow":["GET"]}}],"collection":[{"href":"https:\/\/mivelitadigital.com\/en\/wp-json\/wp\/v2\/product"}],"about":[{"href":"https:\/\/mivelitadigital.com\/en\/wp-json\/wp\/v2\/types\/product"}],"wp:featuredmedia":[{"embeddable":true,"href":"https:\/\/mivelitadigital.com\/en\/wp-json\/wp\/v2\/media\/5595"}],"wp:attachment":[{"href":"https:\/\/mivelitadigital.com\/en\/wp-json\/wp\/v2\/media?parent=5591"}],"wp:term":[{"taxonomy":"product_brand","embeddable":true,"href":"https:\/\/mivelitadigital.com\/en\/wp-json\/wp\/v2\/product_brand?post=5591"},{"taxonomy":"product_cat","embeddable":true,"href":"https:\/\/mivelitadigital.com\/en\/wp-json\/wp\/v2\/product_cat?post=5591"},{"taxonomy":"product_tag","embeddable":true,"href":"https:\/\/mivelitadigital.com\/en\/wp-json\/wp\/v2\/product_tag?post=5591"}],"curies":[{"name":"wp","href":"https:\/\/api.w.org\/{rel}","templated":true}]}}