{"id":6450,"date":"2025-02-02T18:04:51","date_gmt":"2025-02-02T23:04:51","guid":{"rendered":"https:\/\/mivelitadigital.com\/?post_type=product&#038;p=6450"},"modified":"2025-12-04T16:50:24","modified_gmt":"2025-12-04T21:50:24","slug":"vela-de-amor-4-magia-de-cupido","status":"publish","type":"product","link":"https:\/\/mivelitadigital.com\/en\/velita\/vela-de-amor-4-magia-de-cupido\/","title":{"rendered":"Magia de Cupido"},"content":{"rendered":"<p><span data-teams=\"true\">Enciende la llama del amor y permite que su luz ilumine la magia de este d\u00eda tan especial. Nuestras velitas simbolizan no solo la conexi\u00f3n \u00fanica que compartes con esa persona especial, sino tambi\u00e9n el amor propio que te mereces celebrar. Sorprende a quien amas o enci\u00e9ndela simplemente para recordarte cu\u00e1nto vales.<\/span><\/p>","protected":false},"excerpt":{"rendered":"<p>Una velita digital personalizada del d\u00eda de amor.<\/p>","protected":false},"featured_media":6456,"template":"","meta":[],"product_brand":[],"product_cat":[174],"product_tag":[],"class_list":{"0":"post-6450","1":"product","2":"type-product","3":"status-publish","4":"has-post-thumbnail","6":"product_cat-amor","8":"first","9":"instock","10":"sold-individually","11":"shipping-taxable","12":"purchasable","13":"product-type-variable"},"_links":{"self":[{"href":"https:\/\/mivelitadigital.com\/en\/wp-json\/wp\/v2\/product\/6450","targetHints":{"allow":["GET"]}}],"collection":[{"href":"https:\/\/mivelitadigital.com\/en\/wp-json\/wp\/v2\/product"}],"about":[{"href":"https:\/\/mivelitadigital.com\/en\/wp-json\/wp\/v2\/types\/product"}],"wp:featuredmedia":[{"embeddable":true,"href":"https:\/\/mivelitadigital.com\/en\/wp-json\/wp\/v2\/media\/6456"}],"wp:attachment":[{"href":"https:\/\/mivelitadigital.com\/en\/wp-json\/wp\/v2\/media?parent=6450"}],"wp:term":[{"taxonomy":"product_brand","embeddable":true,"href":"https:\/\/mivelitadigital.com\/en\/wp-json\/wp\/v2\/product_brand?post=6450"},{"taxonomy":"product_cat","embeddable":true,"href":"https:\/\/mivelitadigital.com\/en\/wp-json\/wp\/v2\/product_cat?post=6450"},{"taxonomy":"product_tag","embeddable":true,"href":"https:\/\/mivelitadigital.com\/en\/wp-json\/wp\/v2\/product_tag?post=6450"}],"curies":[{"name":"wp","href":"https:\/\/api.w.org\/{rel}","templated":true}]}}