{"id":6672,"date":"2025-02-03T09:38:40","date_gmt":"2025-02-03T14:38:40","guid":{"rendered":"https:\/\/mivelitadigital.com\/?post_type=product&#038;p=6672"},"modified":"2025-12-04T17:00:50","modified_gmt":"2025-12-04T22:00:50","slug":"vela-de-visa-americana-1-sueno-americano","status":"publish","type":"product","link":"https:\/\/mivelitadigital.com\/en\/velita\/vela-de-visa-americana-1-sueno-americano\/","title":{"rendered":"Sue\u00f1o Americano"},"content":{"rendered":"<p>Ten la certeza de que cuando los sue\u00f1os son tan grandes, no hay frontera que no puedas cruzar. Enciende esta velita como un acto de fe inquebrantable y env\u00eda al universo el mensaje de que est\u00e1s listo para nuevas oportunidades. Su luz te brindar\u00e1 la fuerza y sabidur\u00eda necesaria para que todo salga bien en tu proceso, gui\u00e1ndote con esperanza y determinaci\u00f3n. Al observar su llama, visualiza el momento en que recibes ese &#8220;s\u00ed&#8221; que abrir\u00e1 las puertas a un nuevo destino, lleno de historias de \u00e9xito por escribir.<\/p>","protected":false},"excerpt":{"rendered":"<p>Una velita digital personalizada de la visa americana.<\/p>","protected":false},"featured_media":6671,"template":"","meta":[],"product_brand":[],"product_cat":[176,15],"product_tag":[],"class_list":{"0":"post-6672","1":"product","2":"type-product","3":"status-publish","4":"has-post-thumbnail","6":"product_cat-visa-americana","7":"product_cat-ver-todas","9":"first","10":"instock","11":"sold-individually","12":"shipping-taxable","13":"purchasable","14":"product-type-variable"},"_links":{"self":[{"href":"https:\/\/mivelitadigital.com\/en\/wp-json\/wp\/v2\/product\/6672","targetHints":{"allow":["GET"]}}],"collection":[{"href":"https:\/\/mivelitadigital.com\/en\/wp-json\/wp\/v2\/product"}],"about":[{"href":"https:\/\/mivelitadigital.com\/en\/wp-json\/wp\/v2\/types\/product"}],"wp:featuredmedia":[{"embeddable":true,"href":"https:\/\/mivelitadigital.com\/en\/wp-json\/wp\/v2\/media\/6671"}],"wp:attachment":[{"href":"https:\/\/mivelitadigital.com\/en\/wp-json\/wp\/v2\/media?parent=6672"}],"wp:term":[{"taxonomy":"product_brand","embeddable":true,"href":"https:\/\/mivelitadigital.com\/en\/wp-json\/wp\/v2\/product_brand?post=6672"},{"taxonomy":"product_cat","embeddable":true,"href":"https:\/\/mivelitadigital.com\/en\/wp-json\/wp\/v2\/product_cat?post=6672"},{"taxonomy":"product_tag","embeddable":true,"href":"https:\/\/mivelitadigital.com\/en\/wp-json\/wp\/v2\/product_tag?post=6672"}],"curies":[{"name":"wp","href":"https:\/\/api.w.org\/{rel}","templated":true}]}}