{"id":7934,"date":"2025-02-10T13:32:09","date_gmt":"2025-02-10T18:32:09","guid":{"rendered":"https:\/\/mivelitadigital.com\/?post_type=product&#038;p=7934"},"modified":"2025-12-04T16:52:01","modified_gmt":"2025-12-04T21:52:01","slug":"vela-de-jupiter-expansion","status":"publish","type":"product","link":"https:\/\/mivelitadigital.com\/en\/velita\/vela-de-jupiter-expansion\/","title":{"rendered":"Expansi\u00f3n"},"content":{"rendered":"<p>La suerte, la sabidur\u00eda y la abundancia que est\u00e1s manifestando llegar\u00e1n m\u00e1s r\u00e1pido a tu vida si le enciendes una velita a J\u00fapiter. Su luz te guiar\u00e1 hacia el crecimiento personal y empezar\u00e1s a ver c\u00f3mo las puertas se abren para ti.<\/p>","protected":false},"excerpt":{"rendered":"<p>Una velita digital personalizada del planeta J\u00fapiter<\/p>","protected":false},"featured_media":7939,"template":"","meta":[],"product_brand":[],"product_cat":[102,179],"product_tag":[],"class_list":{"0":"post-7934","1":"product","2":"type-product","3":"status-publish","4":"has-post-thumbnail","6":"product_cat-planetas","7":"product_cat-jupiter","9":"first","10":"instock","11":"sold-individually","12":"shipping-taxable","13":"purchasable","14":"product-type-variable"},"_links":{"self":[{"href":"https:\/\/mivelitadigital.com\/en\/wp-json\/wp\/v2\/product\/7934","targetHints":{"allow":["GET"]}}],"collection":[{"href":"https:\/\/mivelitadigital.com\/en\/wp-json\/wp\/v2\/product"}],"about":[{"href":"https:\/\/mivelitadigital.com\/en\/wp-json\/wp\/v2\/types\/product"}],"wp:featuredmedia":[{"embeddable":true,"href":"https:\/\/mivelitadigital.com\/en\/wp-json\/wp\/v2\/media\/7939"}],"wp:attachment":[{"href":"https:\/\/mivelitadigital.com\/en\/wp-json\/wp\/v2\/media?parent=7934"}],"wp:term":[{"taxonomy":"product_brand","embeddable":true,"href":"https:\/\/mivelitadigital.com\/en\/wp-json\/wp\/v2\/product_brand?post=7934"},{"taxonomy":"product_cat","embeddable":true,"href":"https:\/\/mivelitadigital.com\/en\/wp-json\/wp\/v2\/product_cat?post=7934"},{"taxonomy":"product_tag","embeddable":true,"href":"https:\/\/mivelitadigital.com\/en\/wp-json\/wp\/v2\/product_tag?post=7934"}],"curies":[{"name":"wp","href":"https:\/\/api.w.org\/{rel}","templated":true}]}}