{"id":7982,"date":"2025-02-10T14:23:36","date_gmt":"2025-02-10T19:23:36","guid":{"rendered":"https:\/\/mivelitadigital.com\/?post_type=product&#038;p=7982"},"modified":"2025-12-04T16:47:56","modified_gmt":"2025-12-04T21:47:56","slug":"vela-de-mercurio-mensajera","status":"publish","type":"product","link":"https:\/\/mivelitadigital.com\/en\/velita\/vela-de-mercurio-mensajera\/","title":{"rendered":"Mensajera"},"content":{"rendered":"<p>\u00bfBuscas claridad mental y la sabidur\u00eda para comunicarte asertivamente? Encender una velita a Mercurio atraer\u00e1 la energ\u00eda que buscas para fortalecer tu mente y ayudarte a expresar tus ideas de manera clara y fluida.<\/p>","protected":false},"excerpt":{"rendered":"<p>Una velita digital personalizada del planeta Mercurio<\/p>","protected":false},"featured_media":7987,"template":"","meta":[],"product_brand":[],"product_cat":[102,181],"product_tag":[],"class_list":{"0":"post-7982","1":"product","2":"type-product","3":"status-publish","4":"has-post-thumbnail","6":"product_cat-planetas","7":"product_cat-mercurio","9":"first","10":"instock","11":"sold-individually","12":"shipping-taxable","13":"purchasable","14":"product-type-variable"},"_links":{"self":[{"href":"https:\/\/mivelitadigital.com\/en\/wp-json\/wp\/v2\/product\/7982","targetHints":{"allow":["GET"]}}],"collection":[{"href":"https:\/\/mivelitadigital.com\/en\/wp-json\/wp\/v2\/product"}],"about":[{"href":"https:\/\/mivelitadigital.com\/en\/wp-json\/wp\/v2\/types\/product"}],"wp:featuredmedia":[{"embeddable":true,"href":"https:\/\/mivelitadigital.com\/en\/wp-json\/wp\/v2\/media\/7987"}],"wp:attachment":[{"href":"https:\/\/mivelitadigital.com\/en\/wp-json\/wp\/v2\/media?parent=7982"}],"wp:term":[{"taxonomy":"product_brand","embeddable":true,"href":"https:\/\/mivelitadigital.com\/en\/wp-json\/wp\/v2\/product_brand?post=7982"},{"taxonomy":"product_cat","embeddable":true,"href":"https:\/\/mivelitadigital.com\/en\/wp-json\/wp\/v2\/product_cat?post=7982"},{"taxonomy":"product_tag","embeddable":true,"href":"https:\/\/mivelitadigital.com\/en\/wp-json\/wp\/v2\/product_tag?post=7982"}],"curies":[{"name":"wp","href":"https:\/\/api.w.org\/{rel}","templated":true}]}}