{"id":7994,"date":"2025-02-10T14:33:02","date_gmt":"2025-02-10T19:33:02","guid":{"rendered":"https:\/\/mivelitadigital.com\/?post_type=product&#038;p=7994"},"modified":"2025-12-04T16:46:41","modified_gmt":"2025-12-04T21:46:41","slug":"vela-de-mercurio-palabra-viva","status":"publish","type":"product","link":"https:\/\/mivelitadigital.com\/en\/velita\/vela-de-mercurio-palabra-viva\/","title":{"rendered":"Palabra Viva"},"content":{"rendered":"<p>\u00bfBuscas claridad mental y la sabidur\u00eda para comunicarte asertivamente? Encender una velita a Mercurio atraer\u00e1 la energ\u00eda que buscas para fortalecer tu mente y ayudarte a expresar tus ideas de manera clara y fluida.<\/p>","protected":false},"excerpt":{"rendered":"<p>Una velita digital personalizada del planeta Mercurio<\/p>","protected":false},"featured_media":7999,"template":"","meta":[],"product_brand":[],"product_cat":[102,181],"product_tag":[],"class_list":{"0":"post-7994","1":"product","2":"type-product","3":"status-publish","4":"has-post-thumbnail","6":"product_cat-planetas","7":"product_cat-mercurio","9":"first","10":"instock","11":"sold-individually","12":"shipping-taxable","13":"purchasable","14":"product-type-variable"},"_links":{"self":[{"href":"https:\/\/mivelitadigital.com\/en\/wp-json\/wp\/v2\/product\/7994","targetHints":{"allow":["GET"]}}],"collection":[{"href":"https:\/\/mivelitadigital.com\/en\/wp-json\/wp\/v2\/product"}],"about":[{"href":"https:\/\/mivelitadigital.com\/en\/wp-json\/wp\/v2\/types\/product"}],"wp:featuredmedia":[{"embeddable":true,"href":"https:\/\/mivelitadigital.com\/en\/wp-json\/wp\/v2\/media\/7999"}],"wp:attachment":[{"href":"https:\/\/mivelitadigital.com\/en\/wp-json\/wp\/v2\/media?parent=7994"}],"wp:term":[{"taxonomy":"product_brand","embeddable":true,"href":"https:\/\/mivelitadigital.com\/en\/wp-json\/wp\/v2\/product_brand?post=7994"},{"taxonomy":"product_cat","embeddable":true,"href":"https:\/\/mivelitadigital.com\/en\/wp-json\/wp\/v2\/product_cat?post=7994"},{"taxonomy":"product_tag","embeddable":true,"href":"https:\/\/mivelitadigital.com\/en\/wp-json\/wp\/v2\/product_tag?post=7994"}],"curies":[{"name":"wp","href":"https:\/\/api.w.org\/{rel}","templated":true}]}}