{"id":8030,"date":"2025-02-10T17:28:56","date_gmt":"2025-02-10T22:28:56","guid":{"rendered":"https:\/\/mivelitadigital.com\/?post_type=product&#038;p=8030"},"modified":"2025-12-04T16:44:05","modified_gmt":"2025-12-04T21:44:05","slug":"vela-de-neptuno-sueno-profundo","status":"publish","type":"product","link":"https:\/\/mivelitadigital.com\/en\/velita\/vela-de-neptuno-sueno-profundo\/","title":{"rendered":"Sue\u00f1o Profundo"},"content":{"rendered":"<p>Este planeta simboliza la espiritualidad, la ilusi\u00f3n, la intuici\u00f3n, y la imaginaci\u00f3n. Al encenderle una velita a Neptuno, estar\u00e1s atrayendo a tu vida todo lo que anhelas. Permite que su energ\u00eda despierte tu creatividad, fortalezca tu fe y te haga sentir que eres capaz de alcanzar cualquier sue\u00f1o.<\/p>","protected":false},"excerpt":{"rendered":"<p>Una velita digital personalizada del planeta Neptuno<\/p>","protected":false},"featured_media":8035,"template":"","meta":[],"product_brand":[],"product_cat":[102,182],"product_tag":[],"class_list":{"0":"post-8030","1":"product","2":"type-product","3":"status-publish","4":"has-post-thumbnail","6":"product_cat-planetas","7":"product_cat-neptuno","9":"first","10":"instock","11":"sold-individually","12":"shipping-taxable","13":"purchasable","14":"product-type-variable"},"_links":{"self":[{"href":"https:\/\/mivelitadigital.com\/en\/wp-json\/wp\/v2\/product\/8030","targetHints":{"allow":["GET"]}}],"collection":[{"href":"https:\/\/mivelitadigital.com\/en\/wp-json\/wp\/v2\/product"}],"about":[{"href":"https:\/\/mivelitadigital.com\/en\/wp-json\/wp\/v2\/types\/product"}],"wp:featuredmedia":[{"embeddable":true,"href":"https:\/\/mivelitadigital.com\/en\/wp-json\/wp\/v2\/media\/8035"}],"wp:attachment":[{"href":"https:\/\/mivelitadigital.com\/en\/wp-json\/wp\/v2\/media?parent=8030"}],"wp:term":[{"taxonomy":"product_brand","embeddable":true,"href":"https:\/\/mivelitadigital.com\/en\/wp-json\/wp\/v2\/product_brand?post=8030"},{"taxonomy":"product_cat","embeddable":true,"href":"https:\/\/mivelitadigital.com\/en\/wp-json\/wp\/v2\/product_cat?post=8030"},{"taxonomy":"product_tag","embeddable":true,"href":"https:\/\/mivelitadigital.com\/en\/wp-json\/wp\/v2\/product_tag?post=8030"}],"curies":[{"name":"wp","href":"https:\/\/api.w.org\/{rel}","templated":true}]}}