{"id":8096,"date":"2025-02-10T18:45:21","date_gmt":"2025-02-10T23:45:21","guid":{"rendered":"https:\/\/mivelitadigital.com\/?post_type=product&#038;p=8096"},"modified":"2025-12-04T16:36:30","modified_gmt":"2025-12-04T21:36:30","slug":"vela-de-urano-espiritu-libre","status":"publish","type":"product","link":"https:\/\/mivelitadigital.com\/en\/velita\/vela-de-urano-espiritu-libre\/","title":{"rendered":"Esp\u00edritu Libre"},"content":{"rendered":"<p>Si sientes que ha llegado el momento de un cambio, enciende una velita a Urano. As\u00ed te podr\u00e1s conectar con la energ\u00eda de la transformaci\u00f3n, abri\u00e9ndote a un mundo de nuevas posibilidades. Urano te ayudar\u00e1 a dejar atr\u00e1s lo que ya no sirve y te impulsar\u00e1 a evolucionar.<\/p>","protected":false},"excerpt":{"rendered":"<p>Una velita digital personalizada del planeta Urano<\/p>","protected":false},"featured_media":8101,"template":"","meta":[],"product_brand":[],"product_cat":[102,183],"product_tag":[],"class_list":{"0":"post-8096","1":"product","2":"type-product","3":"status-publish","4":"has-post-thumbnail","6":"product_cat-planetas","7":"product_cat-urano","9":"first","10":"instock","11":"sold-individually","12":"shipping-taxable","13":"purchasable","14":"product-type-variable"},"_links":{"self":[{"href":"https:\/\/mivelitadigital.com\/en\/wp-json\/wp\/v2\/product\/8096","targetHints":{"allow":["GET"]}}],"collection":[{"href":"https:\/\/mivelitadigital.com\/en\/wp-json\/wp\/v2\/product"}],"about":[{"href":"https:\/\/mivelitadigital.com\/en\/wp-json\/wp\/v2\/types\/product"}],"wp:featuredmedia":[{"embeddable":true,"href":"https:\/\/mivelitadigital.com\/en\/wp-json\/wp\/v2\/media\/8101"}],"wp:attachment":[{"href":"https:\/\/mivelitadigital.com\/en\/wp-json\/wp\/v2\/media?parent=8096"}],"wp:term":[{"taxonomy":"product_brand","embeddable":true,"href":"https:\/\/mivelitadigital.com\/en\/wp-json\/wp\/v2\/product_brand?post=8096"},{"taxonomy":"product_cat","embeddable":true,"href":"https:\/\/mivelitadigital.com\/en\/wp-json\/wp\/v2\/product_cat?post=8096"},{"taxonomy":"product_tag","embeddable":true,"href":"https:\/\/mivelitadigital.com\/en\/wp-json\/wp\/v2\/product_tag?post=8096"}],"curies":[{"name":"wp","href":"https:\/\/api.w.org\/{rel}","templated":true}]}}