{"id":8138,"date":"2025-02-10T19:06:55","date_gmt":"2025-02-11T00:06:55","guid":{"rendered":"https:\/\/mivelitadigital.com\/?post_type=product&#038;p=8138"},"modified":"2025-12-04T16:33:03","modified_gmt":"2025-12-04T21:33:03","slug":"vela-de-venus-vibracion-del-corazon","status":"publish","type":"product","link":"https:\/\/mivelitadigital.com\/en\/velita\/vela-de-venus-vibracion-del-corazon\/","title":{"rendered":"Vibraci\u00f3n del Coraz\u00f3n"},"content":{"rendered":"<p>Si deseas atraer amor, armon\u00eda y placer a tu vida, la energ\u00eda de Venus te envolver\u00e1 con vibraciones positivas que potenciar\u00e1n tus relaciones amorosas y tu bienestar. Enciende una velita en su honor y observa c\u00f3mo el amor, la abundancia y la prosperidad fluyen hacia ti.<\/p>","protected":false},"excerpt":{"rendered":"<p>Una velita digital personalizada del planeta Venus<\/p>","protected":false},"featured_media":8143,"template":"","meta":[],"product_brand":[],"product_cat":[102,184],"product_tag":[],"class_list":{"0":"post-8138","1":"product","2":"type-product","3":"status-publish","4":"has-post-thumbnail","6":"product_cat-planetas","7":"product_cat-venus","9":"first","10":"instock","11":"sold-individually","12":"shipping-taxable","13":"purchasable","14":"product-type-variable"},"_links":{"self":[{"href":"https:\/\/mivelitadigital.com\/en\/wp-json\/wp\/v2\/product\/8138","targetHints":{"allow":["GET"]}}],"collection":[{"href":"https:\/\/mivelitadigital.com\/en\/wp-json\/wp\/v2\/product"}],"about":[{"href":"https:\/\/mivelitadigital.com\/en\/wp-json\/wp\/v2\/types\/product"}],"wp:featuredmedia":[{"embeddable":true,"href":"https:\/\/mivelitadigital.com\/en\/wp-json\/wp\/v2\/media\/8143"}],"wp:attachment":[{"href":"https:\/\/mivelitadigital.com\/en\/wp-json\/wp\/v2\/media?parent=8138"}],"wp:term":[{"taxonomy":"product_brand","embeddable":true,"href":"https:\/\/mivelitadigital.com\/en\/wp-json\/wp\/v2\/product_brand?post=8138"},{"taxonomy":"product_cat","embeddable":true,"href":"https:\/\/mivelitadigital.com\/en\/wp-json\/wp\/v2\/product_cat?post=8138"},{"taxonomy":"product_tag","embeddable":true,"href":"https:\/\/mivelitadigital.com\/en\/wp-json\/wp\/v2\/product_tag?post=8138"}],"curies":[{"name":"wp","href":"https:\/\/api.w.org\/{rel}","templated":true}]}}