{"id":8156,"date":"2025-02-10T19:11:08","date_gmt":"2025-02-11T00:11:08","guid":{"rendered":"https:\/\/mivelitadigital.com\/?post_type=product&#038;p=8156"},"modified":"2025-12-04T16:30:27","modified_gmt":"2025-12-04T21:30:27","slug":"vela-de-maneki-neko-1-luz-de-buena-suerte","status":"publish","type":"product","link":"https:\/\/mivelitadigital.com\/en\/velita\/vela-de-maneki-neko-1-luz-de-buena-suerte\/","title":{"rendered":"Luz de Buena Suerte"},"content":{"rendered":"<p><span data-teams=\"true\">Este felino, tambi\u00e9n conocido como \u201cel gato de la suerte\u201d, es un poderoso s\u00edmbolo de la cultura japonesa que atrae buena suerte, prosperidad y protecci\u00f3n. Enciende esta velita y siente c\u00f3mo la abundancia y el bienestar comienzan a fluir en tu vida. \u00a1Deja que su resplandor sea un recordatorio constante de que la suerte est\u00e1 de tu lado!<\/span><\/p>","protected":false},"excerpt":{"rendered":"<p>Una velita digital personalizada de Maneki-neko<\/p>","protected":false},"featured_media":8161,"template":"","meta":[],"product_brand":[],"product_cat":[185,178],"product_tag":[],"class_list":{"0":"post-8156","1":"product","2":"type-product","3":"status-publish","4":"has-post-thumbnail","6":"product_cat-maneki-neko","7":"product_cat-abundancia","9":"first","10":"instock","11":"sold-individually","12":"shipping-taxable","13":"purchasable","14":"product-type-variable"},"_links":{"self":[{"href":"https:\/\/mivelitadigital.com\/en\/wp-json\/wp\/v2\/product\/8156","targetHints":{"allow":["GET"]}}],"collection":[{"href":"https:\/\/mivelitadigital.com\/en\/wp-json\/wp\/v2\/product"}],"about":[{"href":"https:\/\/mivelitadigital.com\/en\/wp-json\/wp\/v2\/types\/product"}],"wp:featuredmedia":[{"embeddable":true,"href":"https:\/\/mivelitadigital.com\/en\/wp-json\/wp\/v2\/media\/8161"}],"wp:attachment":[{"href":"https:\/\/mivelitadigital.com\/en\/wp-json\/wp\/v2\/media?parent=8156"}],"wp:term":[{"taxonomy":"product_brand","embeddable":true,"href":"https:\/\/mivelitadigital.com\/en\/wp-json\/wp\/v2\/product_brand?post=8156"},{"taxonomy":"product_cat","embeddable":true,"href":"https:\/\/mivelitadigital.com\/en\/wp-json\/wp\/v2\/product_cat?post=8156"},{"taxonomy":"product_tag","embeddable":true,"href":"https:\/\/mivelitadigital.com\/en\/wp-json\/wp\/v2\/product_tag?post=8156"}],"curies":[{"name":"wp","href":"https:\/\/api.w.org\/{rel}","templated":true}]}}