{"id":9736,"date":"2025-03-08T11:24:23","date_gmt":"2025-03-08T16:24:23","guid":{"rendered":"https:\/\/mivelitadigital.com\/?post_type=product&#038;p=9736"},"modified":"2025-12-04T16:01:58","modified_gmt":"2025-12-04T21:01:58","slug":"dia-de-la-mujer-21-kawaii","status":"publish","type":"product","link":"https:\/\/mivelitadigital.com\/en\/velita\/dia-de-la-mujer-21-kawaii\/","title":{"rendered":"Kawaii"},"content":{"rendered":"<p>Esta es la ocasi\u00f3n perfecta para encender una velita en honor a esas mujeres valientes que inspiran y dejan huella\u2026 \u00a1incluy\u00e9ndote a ti! Su luz es un s\u00edmbolo de gratitud y reconocimiento, no solo para honrar a las mujeres que amas y admiras, sino tambi\u00e9n para celebrar tu propia fuerza, tu brillo y todo lo que has logrado.<\/p>\n<p>\u00a1Enci\u00e9ndela y deja que se ilumine por ti, por todas!<\/p>","protected":false},"excerpt":{"rendered":"<p>Una velita del d\u00eda de la mujer<\/p>","protected":false},"featured_media":9741,"template":"","meta":[],"product_brand":[],"product_cat":[190],"product_tag":[],"class_list":{"0":"post-9736","1":"product","2":"type-product","3":"status-publish","4":"has-post-thumbnail","6":"product_cat-dia-de-la-mujer","8":"first","9":"instock","10":"sold-individually","11":"shipping-taxable","12":"purchasable","13":"product-type-variable"},"_links":{"self":[{"href":"https:\/\/mivelitadigital.com\/en\/wp-json\/wp\/v2\/product\/9736","targetHints":{"allow":["GET"]}}],"collection":[{"href":"https:\/\/mivelitadigital.com\/en\/wp-json\/wp\/v2\/product"}],"about":[{"href":"https:\/\/mivelitadigital.com\/en\/wp-json\/wp\/v2\/types\/product"}],"wp:featuredmedia":[{"embeddable":true,"href":"https:\/\/mivelitadigital.com\/en\/wp-json\/wp\/v2\/media\/9741"}],"wp:attachment":[{"href":"https:\/\/mivelitadigital.com\/en\/wp-json\/wp\/v2\/media?parent=9736"}],"wp:term":[{"taxonomy":"product_brand","embeddable":true,"href":"https:\/\/mivelitadigital.com\/en\/wp-json\/wp\/v2\/product_brand?post=9736"},{"taxonomy":"product_cat","embeddable":true,"href":"https:\/\/mivelitadigital.com\/en\/wp-json\/wp\/v2\/product_cat?post=9736"},{"taxonomy":"product_tag","embeddable":true,"href":"https:\/\/mivelitadigital.com\/en\/wp-json\/wp\/v2\/product_tag?post=9736"}],"curies":[{"name":"wp","href":"https:\/\/api.w.org\/{rel}","templated":true}]}}